{"id":7345,"date":"2025-12-31T16:39:53","date_gmt":"2025-12-31T16:39:53","guid":{"rendered":"https:\/\/armazemon.com.br\/produto\/martelo-unha-polido-c-fibra-prof-guepar-25mm\/"},"modified":"2026-02-24T16:06:48","modified_gmt":"2026-02-24T16:06:48","slug":"martelo-unha-polido-c-fibra-prof-guepar-25mm","status":"publish","type":"product","link":"https:\/\/armazemon.com.br\/en\/product\/martelo-unha-polido-c-fibra-prof-guepar-25mm\/","title":{"rendered":"Martelo Unha Polido c\/ Fibra prof Guepar 25mm"},"content":{"rendered":"<p style=\"padding: 0px;font-family: Barlow, sans-serif;font-size: 16px\"><span style=\"margin: 0px;padding: 0px\">\u00c9 ideal para a fixa\u00e7\u00e3o de pregos, deslocamento entre partes, retirada de pregos, abertura de caixas e diversas outras a\u00e7\u00f5es e servi\u00e7os que seja necess\u00e1ria uma ferramenta de suporte manual.<\/span><\/p>\n<p style=\"padding: 0px;font-family: Barlow, sans-serif;font-size: 16px\"><span style=\"margin: 0px;padding: 0px\">Muito utilizado em constru\u00e7\u00f5es civis e servi\u00e7os manuais de manuten\u00e7\u00e3o e reformas, o Martelo Unha Guepar \u00e9 convencional em obras e oficinas sendo encontrado nos equipamentos de mec\u00e2nicos, pedreiros, marceneiros e profissionais similares.<\/span><\/p>\n<p style=\"padding: 0px;font-family: Barlow, sans-serif;font-size: 16px\"><span style=\"margin: 0px;padding: 0px\">\u00a0<\/span><span style=\"margin: 0px;padding: 0px\">Caracter\u00edsticas:<\/span><\/p>\n<p style=\"padding: 0px;font-family: Barlow, sans-serif;font-size: 16px\"><span style=\"margin: 0px;padding: 0px\">Polido<\/span><\/p>\n<p style=\"padding: 0px;font-family: Barlow, sans-serif;font-size: 16px\"><span style=\"margin: 0px;padding: 0px\">Cabo de fibra e emborrachado<\/span><\/p>","protected":false},"excerpt":{"rendered":"<p style=\"padding: 0px;font-family: Barlow, sans-serif;font-size: 16px\"><span style=\"margin: 0px;padding: 0px\">\u00c9 ideal para a fixa\u00e7\u00e3o de pregos, deslocamento entre partes, retirada de pregos, abertura de caixas e diversas outras a\u00e7\u00f5es e servi\u00e7os que seja necess\u00e1ria uma ferramenta de suporte manual.<\/span><\/p>\n<p style=\"padding: 0px;font-family: Barlow, sans-serif;font-size: 16px\"><span style=\"margin: 0px;padding: 0px\">\u00a0<\/span><span style=\"margin: 0px;padding: 0px\">Muito utilizado em constru\u00e7\u00f5es civis e servi\u00e7os manuais de manuten\u00e7\u00e3o e reformas, o Martelo Unha Guepar \u00e9 convencional em obras e oficinas sendo encontrado nos equipamentos de mec\u00e2nicos, pedreiros, marceneiros e profissionais similares.<\/span><span style=\"margin: 0px;padding: 0px\">\u00a0<\/span><\/p>\n<p style=\"padding: 0px;font-family: Barlow, sans-serif;font-size: 16px\"><span style=\"margin: 0px;padding: 0px\">Caracter\u00edsticas:<\/span><\/p>\n<p style=\"padding: 0px;font-family: Barlow, sans-serif;font-size: 16px\"><span style=\"margin: 0px;padding: 0px\">Polido<\/span><\/p>\n<p style=\"padding: 0px;font-family: Barlow, sans-serif;font-size: 16px\"><span style=\"margin: 0px;padding: 0px\">Cabo de fibra e emborrachado<\/span><\/p>","protected":false},"featured_media":7341,"comment_status":"open","ping_status":"closed","template":"","meta":{"_acf_changed":false},"product_brand":[236],"product_cat":[203],"product_tag":[],"class_list":{"0":"post-7345","1":"product","2":"type-product","3":"status-publish","4":"has-post-thumbnail","6":"product_brand-guepar","7":"product_cat-ferramenta-para-construcao-civil","9":"first","10":"outofstock","11":"shipping-taxable","12":"purchasable","13":"product-type-simple"},"acf":[],"_links":{"self":[{"href":"https:\/\/armazemon.com.br\/en\/wp-json\/wp\/v2\/product\/7345","targetHints":{"allow":["GET"]}}],"collection":[{"href":"https:\/\/armazemon.com.br\/en\/wp-json\/wp\/v2\/product"}],"about":[{"href":"https:\/\/armazemon.com.br\/en\/wp-json\/wp\/v2\/types\/product"}],"replies":[{"embeddable":true,"href":"https:\/\/armazemon.com.br\/en\/wp-json\/wp\/v2\/comments?post=7345"}],"wp:featuredmedia":[{"embeddable":true,"href":"https:\/\/armazemon.com.br\/en\/wp-json\/wp\/v2\/media\/7341"}],"wp:attachment":[{"href":"https:\/\/armazemon.com.br\/en\/wp-json\/wp\/v2\/media?parent=7345"}],"wp:term":[{"taxonomy":"product_brand","embeddable":true,"href":"https:\/\/armazemon.com.br\/en\/wp-json\/wp\/v2\/product_brand?post=7345"},{"taxonomy":"product_cat","embeddable":true,"href":"https:\/\/armazemon.com.br\/en\/wp-json\/wp\/v2\/product_cat?post=7345"},{"taxonomy":"product_tag","embeddable":true,"href":"https:\/\/armazemon.com.br\/en\/wp-json\/wp\/v2\/product_tag?post=7345"}],"curies":[{"name":"wp","href":"https:\/\/api.w.org\/{rel}","templated":true}]}}