{"id":7350,"date":"2025-12-31T16:39:56","date_gmt":"2025-12-31T16:39:56","guid":{"rendered":"https:\/\/armazemon.com.br\/produto\/martelo-bola-350gr-guepar\/"},"modified":"2025-12-31T18:19:30","modified_gmt":"2025-12-31T18:19:30","slug":"martelo-bola-350gr-guepar","status":"publish","type":"product","link":"https:\/\/armazemon.com.br\/en\/product\/martelo-bola-350gr-guepar\/","title":{"rendered":"Martelo Bola 350gr Guepar"},"content":{"rendered":"<p style=\"padding: 0px;font-family: Barlow, sans-serif;font-size: 16px\"><span style=\"margin: 0px;padding: 0px\">O Martelo Bola com Cabo de Fibra \u00e9 indicado para uso geral em oficinas mec\u00e2nicas e na ind\u00fastria metal-mec\u00e2nica. Possui cabo em fibra com empunhadura em borracha termopl\u00e1stica conferindo maior conforto no manuseio, al\u00e9m de ser mais leve e resistente comparado ao cabo de madeira. Produzido em a\u00e7o forjado, proporcionando maior resist\u00eancia e durabilidade.<\/span><\/p>\n<p style=\"padding: 0px;font-family: Barlow, sans-serif;font-size: 16px\"><span style=\"margin: 0px;padding: 0px\">\u00a0<\/span><\/p>\n<p style=\"padding: 0px;font-family: Barlow, sans-serif;font-size: 16px\"><span style=\"margin: 0px;padding: 0px\">Caracter\u00edsticas:<\/span><\/p>\n<p style=\"padding: 0px;font-family: Barlow, sans-serif;font-size: 16px\"><span style=\"margin: 0px;padding: 0px\">Cabo de fibra e emborrachado<\/span><\/p>\n<p style=\"padding: 0px;font-family: Barlow, sans-serif;font-size: 16px\"><span style=\"margin: 0px;padding: 0px\">350 gramas<\/span><\/p>","protected":false},"excerpt":{"rendered":"<p style=\"padding: 0px;font-family: Barlow, sans-serif;font-size: 16px\"><span style=\"margin: 0px;padding: 0px\">O Martelo Bola com Cabo de Fibra \u00e9 indicado para uso geral em oficinas mec\u00e2nicas e na ind\u00fastria metal-mec\u00e2nica. Possui cabo em fibra com empunhadura em borracha termopl\u00e1stica conferindo maior conforto no manuseio, al\u00e9m de ser mais leve e resistente comparado ao cabo de madeira. Produzido em a\u00e7o forjado, proporcionando maior resist\u00eancia e durabilidade.<\/span><\/p>\n<p style=\"padding: 0px;font-family: Barlow, sans-serif;font-size: 16px\"><span style=\"margin: 0px;padding: 0px\">\u00a0<\/span><\/p>\n<p style=\"padding: 0px;font-family: Barlow, sans-serif;font-size: 16px\">\u00a0<\/p>","protected":false},"featured_media":7346,"comment_status":"open","ping_status":"closed","template":"","meta":{"_acf_changed":false},"product_brand":[236],"product_cat":[203],"product_tag":[],"class_list":{"0":"post-7350","1":"product","2":"type-product","3":"status-publish","4":"has-post-thumbnail","6":"product_brand-guepar","7":"product_cat-ferramenta-para-construcao-civil","9":"first","10":"instock","11":"shipping-taxable","12":"purchasable","13":"product-type-simple"},"acf":[],"_links":{"self":[{"href":"https:\/\/armazemon.com.br\/en\/wp-json\/wp\/v2\/product\/7350","targetHints":{"allow":["GET"]}}],"collection":[{"href":"https:\/\/armazemon.com.br\/en\/wp-json\/wp\/v2\/product"}],"about":[{"href":"https:\/\/armazemon.com.br\/en\/wp-json\/wp\/v2\/types\/product"}],"replies":[{"embeddable":true,"href":"https:\/\/armazemon.com.br\/en\/wp-json\/wp\/v2\/comments?post=7350"}],"wp:featuredmedia":[{"embeddable":true,"href":"https:\/\/armazemon.com.br\/en\/wp-json\/wp\/v2\/media\/7346"}],"wp:attachment":[{"href":"https:\/\/armazemon.com.br\/en\/wp-json\/wp\/v2\/media?parent=7350"}],"wp:term":[{"taxonomy":"product_brand","embeddable":true,"href":"https:\/\/armazemon.com.br\/en\/wp-json\/wp\/v2\/product_brand?post=7350"},{"taxonomy":"product_cat","embeddable":true,"href":"https:\/\/armazemon.com.br\/en\/wp-json\/wp\/v2\/product_cat?post=7350"},{"taxonomy":"product_tag","embeddable":true,"href":"https:\/\/armazemon.com.br\/en\/wp-json\/wp\/v2\/product_tag?post=7350"}],"curies":[{"name":"wp","href":"https:\/\/api.w.org\/{rel}","templated":true}]}}