{"id":7352,"date":"2025-12-31T16:39:59","date_gmt":"2025-12-31T16:39:59","guid":{"rendered":"https:\/\/armazemon.com.br\/produto\/marreta-cabo-fibra-forjada-guepar-7kg\/"},"modified":"2026-03-11T21:35:12","modified_gmt":"2026-03-11T21:35:12","slug":"marreta-cabo-fibra-forjada-guepar-7kg","status":"publish","type":"product","link":"https:\/\/armazemon.com.br\/en\/product\/marreta-cabo-fibra-forjada-guepar-7kg\/","title":{"rendered":"Marreta cabo fibra forjada Guepar 7kg"},"content":{"rendered":"<p class=\"MsoNormal\" style=\"margin-left: 18.0pt\">Material da Cabe\u00e7a: A\u00e7o forjado de alta qualidade, que garante m\u00e1xima durabilidade contra impactos constantes e previne deforma\u00e7\u00f5es.<\/p>\n<p class=\"MsoNormal\" style=\"margin-left: 18.0pt\">\u00a0<\/p>\n<p class=\"MsoNormal\" style=\"margin-left: 18.0pt\">Material do Cabo: Fibra de vidro para maior resist\u00eancia, com uma empunhadura emborrachada para melhor ader\u00eancia e redu\u00e7\u00e3o de vibra\u00e7\u00f5es durante o uso.<\/p>\n<p class=\"MsoNormal\" style=\"margin-left: 18.0pt\">\u00a0<\/p>\n<p class=\"MsoNormal\" style=\"margin-left: 18.0pt\">Uso: Ideal para trabalhos pesados na constru\u00e7\u00e3o civil, metal\u00fargicas, oficinas, e para golpear talhadeiras e cunhas.<\/p>\n<p class=\"MsoNormal\" style=\"margin-left: 18.0pt\">\u00a0<\/p>\n<p class=\"MsoNormal\" style=\"margin-left: 18.0pt\">Design: Forjada, garantindo robustez e desempenho em servi\u00e7os de demoli\u00e7\u00e3o.\u00a0<\/p>","protected":false},"excerpt":{"rendered":"<p class=\"MsoNormal\">A\u00a0Marreta Cabo Fibra Forjada Guepar 7kg\u00a0\u00e9 uma\u00a0ferramenta de alta performance projetada para servi\u00e7os pesados, com cabe\u00e7a em a\u00e7o forjado e cabo de fibra emborrachado para maior resist\u00eancia e conforto.<\/p>","protected":false},"featured_media":7351,"comment_status":"open","ping_status":"closed","template":"","meta":{"_acf_changed":false},"product_brand":[236],"product_cat":[203],"product_tag":[],"class_list":{"0":"post-7352","1":"product","2":"type-product","3":"status-publish","4":"has-post-thumbnail","6":"product_brand-guepar","7":"product_cat-ferramenta-para-construcao-civil","9":"first","10":"outofstock","11":"shipping-taxable","12":"purchasable","13":"product-type-simple"},"acf":[],"_links":{"self":[{"href":"https:\/\/armazemon.com.br\/en\/wp-json\/wp\/v2\/product\/7352","targetHints":{"allow":["GET"]}}],"collection":[{"href":"https:\/\/armazemon.com.br\/en\/wp-json\/wp\/v2\/product"}],"about":[{"href":"https:\/\/armazemon.com.br\/en\/wp-json\/wp\/v2\/types\/product"}],"replies":[{"embeddable":true,"href":"https:\/\/armazemon.com.br\/en\/wp-json\/wp\/v2\/comments?post=7352"}],"wp:featuredmedia":[{"embeddable":true,"href":"https:\/\/armazemon.com.br\/en\/wp-json\/wp\/v2\/media\/7351"}],"wp:attachment":[{"href":"https:\/\/armazemon.com.br\/en\/wp-json\/wp\/v2\/media?parent=7352"}],"wp:term":[{"taxonomy":"product_brand","embeddable":true,"href":"https:\/\/armazemon.com.br\/en\/wp-json\/wp\/v2\/product_brand?post=7352"},{"taxonomy":"product_cat","embeddable":true,"href":"https:\/\/armazemon.com.br\/en\/wp-json\/wp\/v2\/product_cat?post=7352"},{"taxonomy":"product_tag","embeddable":true,"href":"https:\/\/armazemon.com.br\/en\/wp-json\/wp\/v2\/product_tag?post=7352"}],"curies":[{"name":"wp","href":"https:\/\/api.w.org\/{rel}","templated":true}]}}