{"id":7359,"date":"2025-12-31T16:40:11","date_gmt":"2025-12-31T16:40:11","guid":{"rendered":"https:\/\/armazemon.com.br\/produto\/kit-numero-5mm-bater-marcacao-c-9-pcs-guepar\/"},"modified":"2026-01-28T19:40:11","modified_gmt":"2026-01-28T19:40:11","slug":"kit-numero-5mm-bater-marcacao-c-9-pcs-guepar","status":"publish","type":"product","link":"https:\/\/armazemon.com.br\/en\/product\/kit-numero-5mm-bater-marcacao-c-9-pcs-guepar\/","title":{"rendered":"Kit N\u00famero 5mm bater marca\u00e7\u00e3o c\/9 p\u00e7s- Guepar"},"content":{"rendered":"<p><span style=\"font-family: 'Proxima Nova', -apple-system, Roboto, Arial, sans-serif;font-size: 20px\">Numero 5Mm Bater Marca\u00e7\u00e3o C\/9 Pe\u00e7as &#8211; Guepar Indicado para marca\u00e7\u00e3o e grava\u00e7\u00e3o manual de informa\u00e7\u00f5es em a\u00e7o, alum\u00ednio, cobre, couro e etc. Cont\u00e9m 9 pe\u00e7as com N\u00fameros de 0 a 9 . Tamanho da Fonte: 5mm<\/span><\/p>","protected":false},"excerpt":{"rendered":"<p><span style=\"font-family: 'Proxima Nova', -apple-system, Roboto, Arial, sans-serif;font-size: 20px\">Numero 5Mm Bater Marca\u00e7\u00e3o C\/9 Pe\u00e7as &#8211; Guepar Indicado para marca\u00e7\u00e3o e grava\u00e7\u00e3o manual de informa\u00e7\u00f5es em a\u00e7o, alum\u00ednio, cobre, couro e etc. Cont\u00e9m 9 pe\u00e7as com N\u00fameros de 0 a 9 . Tamanho da Fonte: 5mm<\/span><\/p>","protected":false},"featured_media":7356,"comment_status":"open","ping_status":"closed","template":"","meta":{"_acf_changed":false},"product_brand":[236],"product_cat":[203],"product_tag":[],"class_list":{"0":"post-7359","1":"product","2":"type-product","3":"status-publish","4":"has-post-thumbnail","6":"product_brand-guepar","7":"product_cat-ferramenta-para-construcao-civil","9":"first","10":"instock","11":"shipping-taxable","12":"purchasable","13":"product-type-simple"},"acf":[],"_links":{"self":[{"href":"https:\/\/armazemon.com.br\/en\/wp-json\/wp\/v2\/product\/7359","targetHints":{"allow":["GET"]}}],"collection":[{"href":"https:\/\/armazemon.com.br\/en\/wp-json\/wp\/v2\/product"}],"about":[{"href":"https:\/\/armazemon.com.br\/en\/wp-json\/wp\/v2\/types\/product"}],"replies":[{"embeddable":true,"href":"https:\/\/armazemon.com.br\/en\/wp-json\/wp\/v2\/comments?post=7359"}],"wp:featuredmedia":[{"embeddable":true,"href":"https:\/\/armazemon.com.br\/en\/wp-json\/wp\/v2\/media\/7356"}],"wp:attachment":[{"href":"https:\/\/armazemon.com.br\/en\/wp-json\/wp\/v2\/media?parent=7359"}],"wp:term":[{"taxonomy":"product_brand","embeddable":true,"href":"https:\/\/armazemon.com.br\/en\/wp-json\/wp\/v2\/product_brand?post=7359"},{"taxonomy":"product_cat","embeddable":true,"href":"https:\/\/armazemon.com.br\/en\/wp-json\/wp\/v2\/product_cat?post=7359"},{"taxonomy":"product_tag","embeddable":true,"href":"https:\/\/armazemon.com.br\/en\/wp-json\/wp\/v2\/product_tag?post=7359"}],"curies":[{"name":"wp","href":"https:\/\/api.w.org\/{rel}","templated":true}]}}