{"id":7363,"date":"2025-12-31T16:40:19","date_gmt":"2025-12-31T16:40:19","guid":{"rendered":"https:\/\/armazemon.com.br\/produto\/kit-alfabeto-5mm-bater-marcacao-guepar\/"},"modified":"2026-01-19T15:27:28","modified_gmt":"2026-01-19T15:27:28","slug":"kit-alfabeto-5mm-bater-marcacao-guepar","status":"publish","type":"product","link":"https:\/\/armazemon.com.br\/en\/product\/kit-alfabeto-5mm-bater-marcacao-guepar\/","title":{"rendered":"Kit Alfabeto 5mm bater marca\u00e7\u00e3o &#8211; Guepar"},"content":{"rendered":"<p><span style=\"font-family: 'Proxima Nova', -apple-system, Roboto, Arial, sans-serif;font-size: 20px\">&#8211; Marca: Guepar &#8211; Refer\u00eancia: 861-2151 &#8211; Espessura 5mm &#8211; Cont\u00e9m 27 pe\u00e7as. Letras de A a Z (letras mai\u00fasculas) e &amp; (caractere especial) &#8211; Marcadores feito em a\u00e7o com tratamento t\u00e9rmico de elevada dureza &#8211; Espessura da escrita \u00e9 aproximadamente 3mm &#8211; Indicado para marca\u00e7\u00e3o e grava\u00e7\u00e3o manual de informa\u00e7\u00f5es em a\u00e7o, alum\u00ednio, cobre, couro, borracha, madeira e etc &#8211; Pun\u00e7\u00f5es em a\u00e7o s\u00e3o ideais para fazer marca\u00e7\u00e3o num\u00e9rica em baixo relevo em uma pe\u00e7a que se deseja perfur\u00e1-la ou desmarc\u00e1-la para poder dar continuidade ao trabalho &#8211; Em determinados casos tamb\u00e9m serve de apoio e suporte para empurrar parafusos ou pe\u00e7as para determinado local &#8211; Kit de bater, n\u00e3o aceita aquecimento para marca\u00e7\u00e3o.<\/span><\/p>","protected":false},"excerpt":{"rendered":"<p><span style=\"font-family: 'Proxima Nova', -apple-system, Roboto, Arial, sans-serif;font-size: 20px\">Jogo com 27 pe\u00e7as para bater. Letras de A a Z (letras mai\u00fasculas) e &amp; (caractere especial). Indicado para marca\u00e7\u00e3o e grava\u00e7\u00e3o manual de informa\u00e7\u00f5es em a\u00e7o, alum\u00ednio, cobre, couro e etc.<\/span><\/p>","protected":false},"featured_media":7360,"comment_status":"open","ping_status":"closed","template":"","meta":{"_acf_changed":false},"product_brand":[236],"product_cat":[203],"product_tag":[],"class_list":{"0":"post-7363","1":"product","2":"type-product","3":"status-publish","4":"has-post-thumbnail","6":"product_brand-guepar","7":"product_cat-ferramenta-para-construcao-civil","9":"first","10":"instock","11":"shipping-taxable","12":"purchasable","13":"product-type-simple"},"acf":[],"_links":{"self":[{"href":"https:\/\/armazemon.com.br\/en\/wp-json\/wp\/v2\/product\/7363","targetHints":{"allow":["GET"]}}],"collection":[{"href":"https:\/\/armazemon.com.br\/en\/wp-json\/wp\/v2\/product"}],"about":[{"href":"https:\/\/armazemon.com.br\/en\/wp-json\/wp\/v2\/types\/product"}],"replies":[{"embeddable":true,"href":"https:\/\/armazemon.com.br\/en\/wp-json\/wp\/v2\/comments?post=7363"}],"wp:featuredmedia":[{"embeddable":true,"href":"https:\/\/armazemon.com.br\/en\/wp-json\/wp\/v2\/media\/7360"}],"wp:attachment":[{"href":"https:\/\/armazemon.com.br\/en\/wp-json\/wp\/v2\/media?parent=7363"}],"wp:term":[{"taxonomy":"product_brand","embeddable":true,"href":"https:\/\/armazemon.com.br\/en\/wp-json\/wp\/v2\/product_brand?post=7363"},{"taxonomy":"product_cat","embeddable":true,"href":"https:\/\/armazemon.com.br\/en\/wp-json\/wp\/v2\/product_cat?post=7363"},{"taxonomy":"product_tag","embeddable":true,"href":"https:\/\/armazemon.com.br\/en\/wp-json\/wp\/v2\/product_tag?post=7363"}],"curies":[{"name":"wp","href":"https:\/\/api.w.org\/{rel}","templated":true}]}}