{"id":7368,"date":"2025-12-31T16:40:27","date_gmt":"2025-12-31T16:40:27","guid":{"rendered":"https:\/\/armazemon.com.br\/produto\/jogo-chave-combinada-12-pcs-7mm-a-22-mm-guepar\/"},"modified":"2026-05-06T01:23:03","modified_gmt":"2026-05-06T01:23:03","slug":"jogo-chave-combinada-12-pcs-7mm-a-22-mm-guepar","status":"publish","type":"product","link":"https:\/\/armazemon.com.br\/en\/product\/jogo-chave-combinada-12-pcs-7mm-a-22-mm-guepar\/","title":{"rendered":"Jogo Chave Combinada 12 pcs 7mm a 22 mm &#8211; Guepar"},"content":{"rendered":"<p><span style=\"font-family: 'Proxima Nova', -apple-system, Roboto, Arial, sans-serif;font-size: 20px\">&#8211; Marca: Guepar &#8211; Quantidade: 12 pe\u00e7as &#8211; Medidas: de 7 a 22mm &#8211; Chaves Fabricadas em A\u00e7o Carbono Forjado Cromado &#8211; Acompanha suporte pl\u00e1stico &#8211; Peso bruto: 970 gramas<\/span><\/p>","protected":false},"excerpt":{"rendered":"<p><span style=\"font-family: 'Proxima Nova', -apple-system, Roboto, Arial, sans-serif;font-size: 20px\">Jogo de Chave Combinada 7 a 22mm Kit com 12 Pe\u00e7as Guepar Jogo de chaves combinada \u00e9 composto por 12 pe\u00e7as feitas em a\u00e7o resistente. Indicadas para apertar e frouxar parafusos ou porcas. Possui uma boca tipo estrela e outra fixa, possibilitando aplica\u00e7\u00f5es em diversos locais de dif\u00edcil acesso.<\/span><\/p>","protected":false},"featured_media":7364,"comment_status":"open","ping_status":"closed","template":"","meta":{"_acf_changed":false},"product_brand":[236],"product_cat":[203],"product_tag":[],"class_list":{"0":"post-7368","1":"product","2":"type-product","3":"status-publish","4":"has-post-thumbnail","6":"product_brand-guepar","7":"product_cat-ferramenta-para-construcao-civil","9":"first","10":"outofstock","11":"shipping-taxable","12":"purchasable","13":"product-type-simple"},"acf":[],"_links":{"self":[{"href":"https:\/\/armazemon.com.br\/en\/wp-json\/wp\/v2\/product\/7368","targetHints":{"allow":["GET"]}}],"collection":[{"href":"https:\/\/armazemon.com.br\/en\/wp-json\/wp\/v2\/product"}],"about":[{"href":"https:\/\/armazemon.com.br\/en\/wp-json\/wp\/v2\/types\/product"}],"replies":[{"embeddable":true,"href":"https:\/\/armazemon.com.br\/en\/wp-json\/wp\/v2\/comments?post=7368"}],"wp:featuredmedia":[{"embeddable":true,"href":"https:\/\/armazemon.com.br\/en\/wp-json\/wp\/v2\/media\/7364"}],"wp:attachment":[{"href":"https:\/\/armazemon.com.br\/en\/wp-json\/wp\/v2\/media?parent=7368"}],"wp:term":[{"taxonomy":"product_brand","embeddable":true,"href":"https:\/\/armazemon.com.br\/en\/wp-json\/wp\/v2\/product_brand?post=7368"},{"taxonomy":"product_cat","embeddable":true,"href":"https:\/\/armazemon.com.br\/en\/wp-json\/wp\/v2\/product_cat?post=7368"},{"taxonomy":"product_tag","embeddable":true,"href":"https:\/\/armazemon.com.br\/en\/wp-json\/wp\/v2\/product_tag?post=7368"}],"curies":[{"name":"wp","href":"https:\/\/api.w.org\/{rel}","templated":true}]}}