{"id":7375,"date":"2025-12-31T16:40:36","date_gmt":"2025-12-31T16:40:36","guid":{"rendered":"https:\/\/armazemon.com.br\/produto\/chave-inglesa-ajustavel-guepar-12\/"},"modified":"2026-01-29T18:17:01","modified_gmt":"2026-01-29T18:17:01","slug":"chave-inglesa-ajustavel-guepar-12","status":"publish","type":"product","link":"https:\/\/armazemon.com.br\/en\/product\/chave-inglesa-ajustavel-guepar-12\/","title":{"rendered":"Chave Inglesa Ajust\u00e1vel &#8211; Guepar 12&#8243;"},"content":{"rendered":"<p><span style=\"font-family: 'Proxima Nova', -apple-system, Roboto, Arial, sans-serif;font-size: 20px\"> &#8211; Marca: Guepar &#8211; Comprimento: 12&#8243; (30cm) &#8211; Abertura: 0 a 36 mm &#8211; Cabo emborrachado ergon\u00f4mico &#8211; Material: A\u00e7o Carbono com tratamento t\u00e9rmico, criando grau elevado de dureza na \u00e1rea de corte em rela\u00e7\u00e3o ao corpo &#8211; Extremamente confort\u00e1vel com dupla inje\u00e7\u00e3o oferecendo maior conforto e seguran\u00e7a ideal para uso profissional. &#8211; Desenvolvido em material de qualidade, proporcionando durabilidade e \u00f3tima performance &#8211; Indicada para afrouxar e apertar parafusos e porcas sextavadas e quadradas. &#8211; Cabo: Emborrachado<\/span><\/p>","protected":false},"excerpt":{"rendered":"<p><span style=\"font-family: 'Proxima Nova', -apple-system, Roboto, Arial, sans-serif;font-size: 20px\">Chave Inglesa Ajust\u00e1vel 12 Pol. Cabo Emborrachado Profissional Guepar<\/span><\/p>","protected":false},"featured_media":7371,"comment_status":"open","ping_status":"closed","template":"","meta":{"_acf_changed":false},"product_brand":[236],"product_cat":[203],"product_tag":[],"class_list":{"0":"post-7375","1":"product","2":"type-product","3":"status-publish","4":"has-post-thumbnail","6":"product_brand-guepar","7":"product_cat-ferramenta-para-construcao-civil","9":"first","10":"outofstock","11":"shipping-taxable","12":"purchasable","13":"product-type-simple"},"acf":[],"_links":{"self":[{"href":"https:\/\/armazemon.com.br\/en\/wp-json\/wp\/v2\/product\/7375","targetHints":{"allow":["GET"]}}],"collection":[{"href":"https:\/\/armazemon.com.br\/en\/wp-json\/wp\/v2\/product"}],"about":[{"href":"https:\/\/armazemon.com.br\/en\/wp-json\/wp\/v2\/types\/product"}],"replies":[{"embeddable":true,"href":"https:\/\/armazemon.com.br\/en\/wp-json\/wp\/v2\/comments?post=7375"}],"wp:featuredmedia":[{"embeddable":true,"href":"https:\/\/armazemon.com.br\/en\/wp-json\/wp\/v2\/media\/7371"}],"wp:attachment":[{"href":"https:\/\/armazemon.com.br\/en\/wp-json\/wp\/v2\/media?parent=7375"}],"wp:term":[{"taxonomy":"product_brand","embeddable":true,"href":"https:\/\/armazemon.com.br\/en\/wp-json\/wp\/v2\/product_brand?post=7375"},{"taxonomy":"product_cat","embeddable":true,"href":"https:\/\/armazemon.com.br\/en\/wp-json\/wp\/v2\/product_cat?post=7375"},{"taxonomy":"product_tag","embeddable":true,"href":"https:\/\/armazemon.com.br\/en\/wp-json\/wp\/v2\/product_tag?post=7375"}],"curies":[{"name":"wp","href":"https:\/\/api.w.org\/{rel}","templated":true}]}}