{"id":7381,"date":"2025-12-31T16:40:42","date_gmt":"2025-12-31T16:40:42","guid":{"rendered":"https:\/\/armazemon.com.br\/produto\/chave-inglesa-ajustavel-guepar-10\/"},"modified":"2026-01-25T20:53:15","modified_gmt":"2026-01-25T20:53:15","slug":"chave-inglesa-ajustavel-guepar-10","status":"publish","type":"product","link":"https:\/\/armazemon.com.br\/en\/product\/chave-inglesa-ajustavel-guepar-10\/","title":{"rendered":"Chave Inglesa Ajust\u00e1vel &#8211; Guepar 10&#8243;"},"content":{"rendered":"<p><span style=\"font-family: 'Proxima Nova', -apple-system, Roboto, Arial, sans-serif;font-size: 20px\">Assim, pode ser utilizada em servi\u00e7os em casa e tamb\u00e9m para reparos em pe\u00e7as de autom\u00f3veis e encanamentosCaracter\u00edsticas:<\/span><\/p>\n<p><span style=\"font-family: 'Proxima Nova', -apple-system, Roboto, Arial, sans-serif;font-size: 20px\">Ajust\u00e1velCabo emborrachado<\/span><\/p>","protected":false},"excerpt":{"rendered":"<p><span style=\"font-family: 'Proxima Nova', -apple-system, Roboto, Arial, sans-serif;font-size: 20px\">Chave Inglesa Ajust\u00e1vel 10&#8243; GueparA Chave Inglesa \u00e9 \u00f3tima para aplicar torque girando parafusos e porcas de padr\u00e3o sextavado ou quadrado de diversos tamanhos.\u00a0<\/span><\/p>","protected":false},"featured_media":7377,"comment_status":"open","ping_status":"closed","template":"","meta":{"_acf_changed":false},"product_brand":[236],"product_cat":[203],"product_tag":[],"class_list":{"0":"post-7381","1":"product","2":"type-product","3":"status-publish","4":"has-post-thumbnail","6":"product_brand-guepar","7":"product_cat-ferramenta-para-construcao-civil","9":"first","10":"outofstock","11":"shipping-taxable","12":"purchasable","13":"product-type-simple"},"acf":[],"_links":{"self":[{"href":"https:\/\/armazemon.com.br\/en\/wp-json\/wp\/v2\/product\/7381","targetHints":{"allow":["GET"]}}],"collection":[{"href":"https:\/\/armazemon.com.br\/en\/wp-json\/wp\/v2\/product"}],"about":[{"href":"https:\/\/armazemon.com.br\/en\/wp-json\/wp\/v2\/types\/product"}],"replies":[{"embeddable":true,"href":"https:\/\/armazemon.com.br\/en\/wp-json\/wp\/v2\/comments?post=7381"}],"wp:featuredmedia":[{"embeddable":true,"href":"https:\/\/armazemon.com.br\/en\/wp-json\/wp\/v2\/media\/7377"}],"wp:attachment":[{"href":"https:\/\/armazemon.com.br\/en\/wp-json\/wp\/v2\/media?parent=7381"}],"wp:term":[{"taxonomy":"product_brand","embeddable":true,"href":"https:\/\/armazemon.com.br\/en\/wp-json\/wp\/v2\/product_brand?post=7381"},{"taxonomy":"product_cat","embeddable":true,"href":"https:\/\/armazemon.com.br\/en\/wp-json\/wp\/v2\/product_cat?post=7381"},{"taxonomy":"product_tag","embeddable":true,"href":"https:\/\/armazemon.com.br\/en\/wp-json\/wp\/v2\/product_tag?post=7381"}],"curies":[{"name":"wp","href":"https:\/\/api.w.org\/{rel}","templated":true}]}}