{"id":7397,"date":"2025-12-31T16:40:59","date_gmt":"2025-12-31T16:40:59","guid":{"rendered":"https:\/\/armazemon.com.br\/produto\/chave-grifo-guepar-14\/"},"modified":"2025-12-31T18:19:29","modified_gmt":"2025-12-31T18:19:29","slug":"chave-grifo-guepar-14","status":"publish","type":"product","link":"https:\/\/armazemon.com.br\/en\/product\/chave-grifo-guepar-14\/","title":{"rendered":"Chave Grifo Guepar 14&#8243;"},"content":{"rendered":"<p><span style=\"font-family: 'Proxima Nova', -apple-system, Roboto, Arial, sans-serif;font-size: 20px\">&#8211; Marca: Guepar &#8211; Tamanho: 14 Pol. (350mm) &#8211; Tipo Stillson &#8211; Fabricada em a\u00e7o alto carbono forjado &#8211; Caixa robusta em ferro fundido: mais efici\u00eancia &#8211; Cabo emborrachado &#8211; Com mordentes resistentes &#8211; Ideal para montagens e desmontagens de tubula\u00e7\u00f5es &#8211; Mordentes refor\u00e7ados para facilitar o ajuste sem desgastar a ferramenta &#8211; Mola interna para sustenta\u00e7\u00e3o dos mordentes &#8211; Cilindro de f\u00e1cil regulagem <\/span><\/p>\n<p><span style=\"font-family: 'Proxima Nova', -apple-system, Roboto, Arial, sans-serif;font-size: 20px\">\u00a0<\/span><\/p>","protected":false},"excerpt":{"rendered":"<p><span style=\"font-family: 'Proxima Nova', -apple-system, Roboto, Arial, sans-serif;font-size: 20px\">Chave de Grifo 14 Pol. 350mm Tipo Stillson Profissional Guepar A chave de Grifo tipo Stillson \u00e9 Indicada para fixar e soltar canos e tubos. Fabricada em a\u00e7o alto carbono forjado com caixa robusta em ferro fundido. <br \/><\/span><\/p>","protected":false},"featured_media":7393,"comment_status":"open","ping_status":"closed","template":"","meta":{"_acf_changed":false},"product_brand":[236],"product_cat":[203],"product_tag":[],"class_list":{"0":"post-7397","1":"product","2":"type-product","3":"status-publish","4":"has-post-thumbnail","6":"product_brand-guepar","7":"product_cat-ferramenta-para-construcao-civil","9":"first","10":"instock","11":"shipping-taxable","12":"purchasable","13":"product-type-simple"},"acf":[],"_links":{"self":[{"href":"https:\/\/armazemon.com.br\/en\/wp-json\/wp\/v2\/product\/7397","targetHints":{"allow":["GET"]}}],"collection":[{"href":"https:\/\/armazemon.com.br\/en\/wp-json\/wp\/v2\/product"}],"about":[{"href":"https:\/\/armazemon.com.br\/en\/wp-json\/wp\/v2\/types\/product"}],"replies":[{"embeddable":true,"href":"https:\/\/armazemon.com.br\/en\/wp-json\/wp\/v2\/comments?post=7397"}],"wp:featuredmedia":[{"embeddable":true,"href":"https:\/\/armazemon.com.br\/en\/wp-json\/wp\/v2\/media\/7393"}],"wp:attachment":[{"href":"https:\/\/armazemon.com.br\/en\/wp-json\/wp\/v2\/media?parent=7397"}],"wp:term":[{"taxonomy":"product_brand","embeddable":true,"href":"https:\/\/armazemon.com.br\/en\/wp-json\/wp\/v2\/product_brand?post=7397"},{"taxonomy":"product_cat","embeddable":true,"href":"https:\/\/armazemon.com.br\/en\/wp-json\/wp\/v2\/product_cat?post=7397"},{"taxonomy":"product_tag","embeddable":true,"href":"https:\/\/armazemon.com.br\/en\/wp-json\/wp\/v2\/product_tag?post=7397"}],"curies":[{"name":"wp","href":"https:\/\/api.w.org\/{rel}","templated":true}]}}