{"id":7408,"date":"2025-12-31T16:41:20","date_gmt":"2025-12-31T16:41:20","guid":{"rendered":"https:\/\/armazemon.com.br\/produto\/arame-farpado-fio-18-classe-120-guepar-c-50-mt\/"},"modified":"2026-05-12T18:28:42","modified_gmt":"2026-05-12T18:28:42","slug":"arame-farpado-fio-18-classe-120-guepar-c-50-mt","status":"publish","type":"product","link":"https:\/\/armazemon.com.br\/en\/product\/arame-farpado-fio-18-classe-120-guepar-c-50-mt\/","title":{"rendered":"Arame Farpado fio 18 classe 120 Guepar c\/50 mt"},"content":{"rendered":"<p><span style=\"font-family: 'Proxima Nova', -apple-system, Roboto, Arial, sans-serif;font-size: 20px\">adequado para: Cercas de prote\u00e7\u00e3o: Para impedir a entrada de animais ou intrusos em \u00e1reas como fazendas, pastagens e lotes. Divis\u00e3o de terrenos: Para demarcar limites de propriedades. Cercas de conten\u00e7\u00e3o: Em \u00e1reas onde a seguran\u00e7a \u00e9 prioridade, como em torno de instala\u00e7\u00f5es industriais ou em projetos de constru\u00e7\u00e3o. De muito f\u00e1cil instala\u00e7\u00e3o \u00e9 indicado para cercar animais de pequeno a m\u00e9dio porte e n\u00e3o muito agressivos, podendo ser aplicado em ambientes urbanos e rurais. Produzido em fio 18 duplo entrela\u00e7ado e galvanizado, possui \u00f3tima resist\u00eancia \u00e0 ferrugem. Com tor\u00e7\u00e3o alternada, possui farpas muito cortantes e firmes que n\u00e3o saem do lugar, fixadas externamente e posicionadas a uma dist\u00e2ncia de 125mm uma da outra. Especifica\u00e7\u00f5es: Comprimento de 250 metros Fio 18 Duplo Entrela\u00e7ado &#8211; Di\u00e2metro 1,25mm Zincagem: 25-35g\/m2 Carga M\u00ednima de Ruptura: 120kgf Classe 120 Dist\u00e2ncia Entre Farpas de 5&#8243; = 12,5cm (125mm) Tor\u00e7\u00e3o dos Fios Alternada<\/span><\/p>","protected":false},"excerpt":{"rendered":"<p><span style=\"font-family: 'Proxima Nova', -apple-system, Roboto, Arial, sans-serif;font-size: 20px\">O Arame Farpado Guepar 250m \u00e9 hoje a melhor op\u00e7\u00e3o para constru\u00e7\u00e3o de cercas de animais de pequeno e m\u00e9dio porte, cercas de seguran\u00e7a e delimita\u00e7\u00e3o de propriedades urbanas e rurais pois oferece alta resist\u00eancia, durabilidade e flexibilidade,<\/span><\/p>","protected":false},"featured_media":7479,"comment_status":"open","ping_status":"closed","template":"","meta":{"_acf_changed":false},"product_brand":[236],"product_cat":[203],"product_tag":[],"class_list":{"0":"post-7408","1":"product","2":"type-product","3":"status-publish","4":"has-post-thumbnail","6":"product_brand-guepar","7":"product_cat-ferramenta-para-construcao-civil","9":"first","10":"instock","11":"shipping-taxable","12":"purchasable","13":"product-type-simple"},"acf":[],"_links":{"self":[{"href":"https:\/\/armazemon.com.br\/en\/wp-json\/wp\/v2\/product\/7408","targetHints":{"allow":["GET"]}}],"collection":[{"href":"https:\/\/armazemon.com.br\/en\/wp-json\/wp\/v2\/product"}],"about":[{"href":"https:\/\/armazemon.com.br\/en\/wp-json\/wp\/v2\/types\/product"}],"replies":[{"embeddable":true,"href":"https:\/\/armazemon.com.br\/en\/wp-json\/wp\/v2\/comments?post=7408"}],"wp:featuredmedia":[{"embeddable":true,"href":"https:\/\/armazemon.com.br\/en\/wp-json\/wp\/v2\/media\/7479"}],"wp:attachment":[{"href":"https:\/\/armazemon.com.br\/en\/wp-json\/wp\/v2\/media?parent=7408"}],"wp:term":[{"taxonomy":"product_brand","embeddable":true,"href":"https:\/\/armazemon.com.br\/en\/wp-json\/wp\/v2\/product_brand?post=7408"},{"taxonomy":"product_cat","embeddable":true,"href":"https:\/\/armazemon.com.br\/en\/wp-json\/wp\/v2\/product_cat?post=7408"},{"taxonomy":"product_tag","embeddable":true,"href":"https:\/\/armazemon.com.br\/en\/wp-json\/wp\/v2\/product_tag?post=7408"}],"curies":[{"name":"wp","href":"https:\/\/api.w.org\/{rel}","templated":true}]}}