{"id":7414,"date":"2025-12-31T16:41:33","date_gmt":"2025-12-31T16:41:33","guid":{"rendered":"https:\/\/armazemon.com.br\/produto\/arame-farpado-fio-16-classe-120-guepar-c-250\/"},"modified":"2026-01-17T18:08:29","modified_gmt":"2026-01-17T18:08:29","slug":"arame-farpado-fio-16-classe-120-guepar-c-250","status":"publish","type":"product","link":"https:\/\/armazemon.com.br\/en\/product\/arame-farpado-fio-16-classe-120-guepar-c-250\/","title":{"rendered":"Arame farpado fio 16 classe 120 Guepar c\/250"},"content":{"rendered":"<p><span style=\"font-family: 'Proxima Nova', -apple-system, Roboto, Arial, sans-serif;font-size: 20px\">Galvanizado Espa\u00e7amento entre as farpas: 125mm Carga m\u00ednima de ruptura: classe 250 <br \/><\/span><\/p>","protected":false},"excerpt":{"rendered":"<p>\u00a0<\/p>\n<div class=\"ui-pdp-container__row\" style=\"font-family: 'Proxima Nova', -apple-system, Roboto, Arial, sans-serif;display: flex;flex: 0 1 0%;flex-flow: wrap;color: #000000;font-size: 16px;font-style: normal;font-weight: 300;letter-spacing: normal;text-align: start;text-indent: 0px;text-transform: none;white-space: normal;background-color: #ffffff\">\n<div class=\"ui-pdp-container__col col-1 pl-24 pr-24\" style=\"font-family: 'Proxima Nova', -apple-system, Roboto, Arial, sans-serif;flex-wrap: wrap;width: 851px;flex: 1 1 0%;padding-left: 24px;padding-right: 24px\">\n<div class=\"ui-pdp-collapsable mt-24 ui-pdp-description-collapse\" style=\"font-family: 'Proxima Nova', -apple-system, Roboto, Arial, sans-serif;margin-top: 24px;width: 803px\">\n<div class=\"ui-pdp-collapsable__container\" style=\"font-family: 'Proxima Nova', -apple-system, Roboto, Arial, sans-serif\">\n<div class=\"ui-pdp-description\" id=\"description\" style=\"font-family: 'Proxima Nova', -apple-system, Roboto, Arial, sans-serif;position: relative;min-height: 78px\">\n<p class=\"ui-pdp-description__content\" style=\"font-family: 'Proxima Nova', -apple-system, Roboto, Arial, sans-serif;margin: 0px;font-size: 20px;white-space: pre-line;font-weight: 400;line-height: 27px\" data-testid=\"content\">Descri\u00e7\u00e3o do Produto O arame farpado \u00e9 galvanizado e devido a tor\u00e7\u00e3o dos fios, a cerca fica mais esticada, o que colabora na economia com mour\u00f5es.<\/p>\n<\/div>\n<\/div>\n<\/div>\n<\/div>\n<\/div>","protected":false},"featured_media":7484,"comment_status":"open","ping_status":"closed","template":"","meta":{"_acf_changed":false},"product_brand":[236],"product_cat":[203],"product_tag":[],"class_list":{"0":"post-7414","1":"product","2":"type-product","3":"status-publish","4":"has-post-thumbnail","6":"product_brand-guepar","7":"product_cat-ferramenta-para-construcao-civil","9":"first","10":"outofstock","11":"shipping-taxable","12":"purchasable","13":"product-type-simple"},"acf":[],"_links":{"self":[{"href":"https:\/\/armazemon.com.br\/en\/wp-json\/wp\/v2\/product\/7414","targetHints":{"allow":["GET"]}}],"collection":[{"href":"https:\/\/armazemon.com.br\/en\/wp-json\/wp\/v2\/product"}],"about":[{"href":"https:\/\/armazemon.com.br\/en\/wp-json\/wp\/v2\/types\/product"}],"replies":[{"embeddable":true,"href":"https:\/\/armazemon.com.br\/en\/wp-json\/wp\/v2\/comments?post=7414"}],"wp:featuredmedia":[{"embeddable":true,"href":"https:\/\/armazemon.com.br\/en\/wp-json\/wp\/v2\/media\/7484"}],"wp:attachment":[{"href":"https:\/\/armazemon.com.br\/en\/wp-json\/wp\/v2\/media?parent=7414"}],"wp:term":[{"taxonomy":"product_brand","embeddable":true,"href":"https:\/\/armazemon.com.br\/en\/wp-json\/wp\/v2\/product_brand?post=7414"},{"taxonomy":"product_cat","embeddable":true,"href":"https:\/\/armazemon.com.br\/en\/wp-json\/wp\/v2\/product_cat?post=7414"},{"taxonomy":"product_tag","embeddable":true,"href":"https:\/\/armazemon.com.br\/en\/wp-json\/wp\/v2\/product_tag?post=7414"}],"curies":[{"name":"wp","href":"https:\/\/api.w.org\/{rel}","templated":true}]}}