{"id":7422,"date":"2025-12-31T16:41:45","date_gmt":"2025-12-31T16:41:45","guid":{"rendered":"https:\/\/armazemon.com.br\/produto\/alicate-rebitador-95-aco-g1-guepar\/"},"modified":"2026-02-09T20:33:50","modified_gmt":"2026-02-09T20:33:50","slug":"alicate-rebitador-95-aco-g1-guepar","status":"publish","type":"product","link":"https:\/\/armazemon.com.br\/en\/product\/alicate-rebitador-95-aco-g1-guepar\/","title":{"rendered":"Alicate rebitador 9,5&#8221; a\u00e7o G1 Guepar"},"content":{"rendered":"<p class=\"MsoNormal\" style=\"margin-left: 18.0pt\">Especifica\u00e7\u00f5es T\u00e9cnicas<\/p>\n<p class=\"MsoNormal\" style=\"margin-left: 18.0pt\">Material:\u00a0Corpo em a\u00e7o.<\/p>\n<p class=\"MsoNormal\" style=\"margin-left: 18.0pt\">Tamanho:\u00a09,5 polegadas.<\/p>\n<p class=\"MsoNormal\" style=\"margin-left: 18.0pt\">Tipo de Rebitador:\u00a0Manual.<\/p>\n<p class=\"MsoNormal\" style=\"margin-left: 18.0pt\">Bicos Intercambi\u00e1veis:\u00a0Acompanha 4 bicos para rebites de alum\u00ednio nas medidas 2,4mm (3\/32&#8243;), 3,2mm (1\/8&#8243;), 4,0mm (5\/32&#8243;) e 4,8mm (3\/16&#8243;).<\/p>\n<p class=\"MsoListParagraph\" style=\"text-indent: -18.0pt\">\u00a0<\/p>\n<p class=\"MsoNormal\" style=\"margin-left: 18.0pt\">Caracter\u00edsticas Adicionais:\u00a0Inclui chave para troca dos bicos e possui cabo ergon\u00f4mico.\u00a0<\/p>\n<ul style=\"margin-top: 0cm\" type=\"disc\"><\/ul>\n<p class=\"MsoNormal\">\u00a0<\/p>","protected":false},"excerpt":{"rendered":"<p class=\"MsoNormal\">O alicate rebitador\u00a09,5&#8221; a\u00e7o G1 Guepar\u00a0\u00e9 uma ferramenta manual vers\u00e1til, ideal para fixa\u00e7\u00e3o de rebites em chapas met\u00e1licas, e pode ser encontrado em diversas lojas online.\u00a0<\/p>","protected":false},"featured_media":7420,"comment_status":"open","ping_status":"closed","template":"","meta":{"_acf_changed":false},"product_brand":[236],"product_cat":[203],"product_tag":[],"class_list":{"0":"post-7422","1":"product","2":"type-product","3":"status-publish","4":"has-post-thumbnail","6":"product_brand-guepar","7":"product_cat-ferramenta-para-construcao-civil","9":"first","10":"outofstock","11":"shipping-taxable","12":"purchasable","13":"product-type-simple"},"acf":[],"_links":{"self":[{"href":"https:\/\/armazemon.com.br\/en\/wp-json\/wp\/v2\/product\/7422","targetHints":{"allow":["GET"]}}],"collection":[{"href":"https:\/\/armazemon.com.br\/en\/wp-json\/wp\/v2\/product"}],"about":[{"href":"https:\/\/armazemon.com.br\/en\/wp-json\/wp\/v2\/types\/product"}],"replies":[{"embeddable":true,"href":"https:\/\/armazemon.com.br\/en\/wp-json\/wp\/v2\/comments?post=7422"}],"wp:featuredmedia":[{"embeddable":true,"href":"https:\/\/armazemon.com.br\/en\/wp-json\/wp\/v2\/media\/7420"}],"wp:attachment":[{"href":"https:\/\/armazemon.com.br\/en\/wp-json\/wp\/v2\/media?parent=7422"}],"wp:term":[{"taxonomy":"product_brand","embeddable":true,"href":"https:\/\/armazemon.com.br\/en\/wp-json\/wp\/v2\/product_brand?post=7422"},{"taxonomy":"product_cat","embeddable":true,"href":"https:\/\/armazemon.com.br\/en\/wp-json\/wp\/v2\/product_cat?post=7422"},{"taxonomy":"product_tag","embeddable":true,"href":"https:\/\/armazemon.com.br\/en\/wp-json\/wp\/v2\/product_tag?post=7422"}],"curies":[{"name":"wp","href":"https:\/\/api.w.org\/{rel}","templated":true}]}}