{"id":7442,"date":"2025-12-31T16:42:10","date_gmt":"2025-12-31T16:42:10","guid":{"rendered":"https:\/\/armazemon.com.br\/produto\/alicate-bomba-dagua-10-guepar\/"},"modified":"2026-03-25T16:05:52","modified_gmt":"2026-03-25T16:05:52","slug":"alicate-bomba-dagua-10-guepar","status":"publish","type":"product","link":"https:\/\/armazemon.com.br\/en\/product\/alicate-bomba-dagua-10-guepar\/","title":{"rendered":"Alicate Bomba d&#8217;agua 10&#8243; &#8211; Guepar"},"content":{"rendered":"<p><span style=\"font-family: 'Proxima Nova', -apple-system, Roboto, Arial, sans-serif;font-size: 20px\"> Alicate bomba d&#8217;\u00e1gua 10 &#8211; guepar Caracter\u00edsticas Forjado galvanizado cabo emborrachado Embalagem: Cont\u00e9m uma unidade alicate bomba d&#8217;\u00e1gua 10 &#8211; guepar<\/span><\/p>","protected":false},"excerpt":{"rendered":"<p><span style=\"font-family: 'Proxima Nova', -apple-system, Roboto, Arial, sans-serif;font-size: 20px\">Indicado para instala\u00e7\u00e3o de bomba d&#8217;\u00e1gua, b\u00f3ias, registros e servi\u00e7os hidr\u00e1ulicos de encanamento em geral.<\/span><\/p>","protected":false},"featured_media":7441,"comment_status":"open","ping_status":"closed","template":"","meta":{"_acf_changed":false},"product_brand":[236],"product_cat":[203],"product_tag":[],"class_list":{"0":"post-7442","1":"product","2":"type-product","3":"status-publish","4":"has-post-thumbnail","6":"product_brand-guepar","7":"product_cat-ferramenta-para-construcao-civil","9":"first","10":"outofstock","11":"shipping-taxable","12":"purchasable","13":"product-type-simple"},"acf":[],"_links":{"self":[{"href":"https:\/\/armazemon.com.br\/en\/wp-json\/wp\/v2\/product\/7442","targetHints":{"allow":["GET"]}}],"collection":[{"href":"https:\/\/armazemon.com.br\/en\/wp-json\/wp\/v2\/product"}],"about":[{"href":"https:\/\/armazemon.com.br\/en\/wp-json\/wp\/v2\/types\/product"}],"replies":[{"embeddable":true,"href":"https:\/\/armazemon.com.br\/en\/wp-json\/wp\/v2\/comments?post=7442"}],"wp:featuredmedia":[{"embeddable":true,"href":"https:\/\/armazemon.com.br\/en\/wp-json\/wp\/v2\/media\/7441"}],"wp:attachment":[{"href":"https:\/\/armazemon.com.br\/en\/wp-json\/wp\/v2\/media?parent=7442"}],"wp:term":[{"taxonomy":"product_brand","embeddable":true,"href":"https:\/\/armazemon.com.br\/en\/wp-json\/wp\/v2\/product_brand?post=7442"},{"taxonomy":"product_cat","embeddable":true,"href":"https:\/\/armazemon.com.br\/en\/wp-json\/wp\/v2\/product_cat?post=7442"},{"taxonomy":"product_tag","embeddable":true,"href":"https:\/\/armazemon.com.br\/en\/wp-json\/wp\/v2\/product_tag?post=7442"}],"curies":[{"name":"wp","href":"https:\/\/api.w.org\/{rel}","templated":true}]}}