{"id":7450,"date":"2025-12-31T16:45:14","date_gmt":"2025-12-31T16:45:14","guid":{"rendered":"https:\/\/armazemon.com.br\/produto\/tela-poliester-simples-rolo-1-x-50m\/"},"modified":"2026-02-28T11:16:35","modified_gmt":"2026-02-28T11:16:35","slug":"tela-poliester-simples-rolo-1-x-50m","status":"publish","type":"product","link":"https:\/\/armazemon.com.br\/en\/product\/tela-poliester-simples-rolo-1-x-50m\/","title":{"rendered":"Tela Poli\u00e9ster Simples Rolo 1 x 50m"},"content":{"rendered":"<p><span style=\"font-family: 'Proxima Nova', -apple-system, Roboto, Arial, sans-serif;font-size: 20px\">ABNT NBR &#8211; 13724 Tela 100% poli\u00e9ster com malha tricotada n\u00e3o desfi\u00e1vel, estrutura 2x2mm, utilizada no refor\u00e7o de impermeabiliza\u00e7\u00f5es e revestimentos para aumento da resist\u00eancia a fissura\u00e7\u00e3o do impermeabilizante, resinas, argamassa ou outros tipos de coberturas. Largura da manta &#8211; 1 metro Comprimento do rolo &#8211; 50 metros Cor &#8211; Branca Estrutura da tela- 2mm x 2mm<\/span><\/p>","protected":false},"excerpt":{"rendered":"<p><span style=\"font-family: 'Proxima Nova', -apple-system, Roboto, Arial, sans-serif;font-size: 20px\">TELA \u00c9 100% POLI\u00c9STER, QUALIDADE EXTRA PARA APLICA\u00c7\u00c3O EM IMPERMEABILIZA\u00c7\u00d5ES Tela 100% poli\u00e9ster com malha tricotada n\u00e3o desfi\u00e1vel, estrutura 2x2mm, utilizada no refor\u00e7o de impermeabiliza\u00e7\u00f5es e revestimentos para aumento da resist\u00eancia a fissura\u00e7\u00e3o do impermeabilizante, resinas, argamassa ou outros tipos de coberturas. <\/span><span style=\"font-family: 'Proxima Nova', -apple-system, Roboto, Arial, sans-serif;font-size: 20px\"><\/span><\/p>","protected":false},"featured_media":7447,"comment_status":"open","ping_status":"closed","template":"","meta":{"_acf_changed":false},"product_brand":[184],"product_cat":[192,194],"product_tag":[],"class_list":{"0":"post-7450","1":"product","2":"type-product","3":"status-publish","4":"has-post-thumbnail","6":"product_brand-viapol","7":"product_cat-argamassa-polimerica","8":"product_cat-manta-liquida","10":"first","11":"outofstock","12":"shipping-taxable","13":"purchasable","14":"product-type-simple"},"acf":[],"_links":{"self":[{"href":"https:\/\/armazemon.com.br\/en\/wp-json\/wp\/v2\/product\/7450","targetHints":{"allow":["GET"]}}],"collection":[{"href":"https:\/\/armazemon.com.br\/en\/wp-json\/wp\/v2\/product"}],"about":[{"href":"https:\/\/armazemon.com.br\/en\/wp-json\/wp\/v2\/types\/product"}],"replies":[{"embeddable":true,"href":"https:\/\/armazemon.com.br\/en\/wp-json\/wp\/v2\/comments?post=7450"}],"wp:featuredmedia":[{"embeddable":true,"href":"https:\/\/armazemon.com.br\/en\/wp-json\/wp\/v2\/media\/7447"}],"wp:attachment":[{"href":"https:\/\/armazemon.com.br\/en\/wp-json\/wp\/v2\/media?parent=7450"}],"wp:term":[{"taxonomy":"product_brand","embeddable":true,"href":"https:\/\/armazemon.com.br\/en\/wp-json\/wp\/v2\/product_brand?post=7450"},{"taxonomy":"product_cat","embeddable":true,"href":"https:\/\/armazemon.com.br\/en\/wp-json\/wp\/v2\/product_cat?post=7450"},{"taxonomy":"product_tag","embeddable":true,"href":"https:\/\/armazemon.com.br\/en\/wp-json\/wp\/v2\/product_tag?post=7450"}],"curies":[{"name":"wp","href":"https:\/\/api.w.org\/{rel}","templated":true}]}}