{"id":7458,"date":"2025-12-31T16:46:58","date_gmt":"2025-12-31T16:46:58","guid":{"rendered":"https:\/\/armazemon.com.br\/produto\/solda-p-radio-63-37-tubo-c-10g-1-00mm-guepar\/"},"modified":"2025-12-31T18:19:28","modified_gmt":"2025-12-31T18:19:28","slug":"solda-p-radio-63-37-tubo-c-10g-1-00mm-guepar","status":"publish","type":"product","link":"https:\/\/armazemon.com.br\/en\/product\/solda-p-radio-63-37-tubo-c-10g-1-00mm-guepar\/","title":{"rendered":"Solda p\/radio 63\/37 tubo c\/10g 1.00mm Guepar"},"content":{"rendered":"<p><span style=\"font-family: 'Proxima Nova', -apple-system, Roboto, Arial, sans-serif;font-size: 20px\">Tubo Estanho Para Solda Azul 63&#215;37 25 Gramas 1mm O ESTANHO PARA SOLDA em tubo \u00e9 de f\u00e1cil utiliza\u00e7\u00e3o, vem em fio de 1 mm com fluxo interno que ajuda na ader\u00eancia e soldagem. Para pequenos reparos em el\u00e9trica, eletr\u00f4nica, instala\u00e7\u00e3o de CFTV, alarmes e outros, seja hobby ou profissional. Apropriado para pequenos reparos por meio de ferro de solda. Embalagem no formato tubo com 25gr. Descri\u00e7\u00e3o Estanho para solda tubo 63 x 37 Especial para reparos em aparelhos eletrodom\u00e9sticos; Solda a base de estanho com resina ativada; Di\u00e2metro: 1 mm; Fluxo AA: (Resina). <br \/><\/span><\/p>","protected":false},"excerpt":{"rendered":"<p><span style=\"font-family: 'Proxima Nova', -apple-system, Roboto, Arial, sans-serif;font-size: 20px\">Tubo Estanho Para Solda Azul 63&#215;37 25 Gramas 1mm O ESTANHO PARA SOLDA em tubo \u00e9 de f\u00e1cil utiliza\u00e7\u00e3o, vem em fio de 1 mm com fluxo interno que ajuda na ader\u00eancia e soldagem. Para pequenos reparos em el\u00e9trica, eletr\u00f4nica, instala\u00e7\u00e3o de CFTV, alarmes e outros, seja hobby ou profissional. Apropriado para pequenos reparos por meio de ferro de solda. Embalagem no formato tubo com 25gr. Descri\u00e7\u00e3o Estanho para solda tubo 63 x 37 Especial para reparos em aparelhos eletrodom\u00e9sticos; Solda a base de estanho com resina ativada; Di\u00e2metro: 1 mm; Fluxo AA: (Resina). <br \/><\/span><\/p>","protected":false},"featured_media":7455,"comment_status":"open","ping_status":"closed","template":"","meta":{"_acf_changed":false},"product_brand":[236],"product_cat":[201],"product_tag":[],"class_list":{"0":"post-7458","1":"product","2":"type-product","3":"status-publish","4":"has-post-thumbnail","6":"product_brand-guepar","7":"product_cat-acessorio-para-solda","9":"first","10":"instock","11":"shipping-taxable","12":"purchasable","13":"product-type-simple"},"acf":[],"_links":{"self":[{"href":"https:\/\/armazemon.com.br\/en\/wp-json\/wp\/v2\/product\/7458","targetHints":{"allow":["GET"]}}],"collection":[{"href":"https:\/\/armazemon.com.br\/en\/wp-json\/wp\/v2\/product"}],"about":[{"href":"https:\/\/armazemon.com.br\/en\/wp-json\/wp\/v2\/types\/product"}],"replies":[{"embeddable":true,"href":"https:\/\/armazemon.com.br\/en\/wp-json\/wp\/v2\/comments?post=7458"}],"wp:featuredmedia":[{"embeddable":true,"href":"https:\/\/armazemon.com.br\/en\/wp-json\/wp\/v2\/media\/7455"}],"wp:attachment":[{"href":"https:\/\/armazemon.com.br\/en\/wp-json\/wp\/v2\/media?parent=7458"}],"wp:term":[{"taxonomy":"product_brand","embeddable":true,"href":"https:\/\/armazemon.com.br\/en\/wp-json\/wp\/v2\/product_brand?post=7458"},{"taxonomy":"product_cat","embeddable":true,"href":"https:\/\/armazemon.com.br\/en\/wp-json\/wp\/v2\/product_cat?post=7458"},{"taxonomy":"product_tag","embeddable":true,"href":"https:\/\/armazemon.com.br\/en\/wp-json\/wp\/v2\/product_tag?post=7458"}],"curies":[{"name":"wp","href":"https:\/\/api.w.org\/{rel}","templated":true}]}}