{"id":7462,"date":"2025-12-31T16:47:07","date_gmt":"2025-12-31T16:47:07","guid":{"rendered":"https:\/\/armazemon.com.br\/produto\/solda-p-radio-60-40-1-00mm-carretel-c-250g-guepar\/"},"modified":"2026-04-22T18:51:17","modified_gmt":"2026-04-22T18:51:17","slug":"solda-p-radio-60-40-1-00mm-carretel-c-250g-guepar","status":"publish","type":"product","link":"https:\/\/armazemon.com.br\/en\/product\/solda-p-radio-60-40-1-00mm-carretel-c-250g-guepar\/","title":{"rendered":"Solda p\/radio 60\/40-1.00mm carretel c\/250g Guepar"},"content":{"rendered":"<p><span style=\"font-family: 'Proxima Nova', -apple-system, Roboto, Arial, sans-serif;font-size: 20px\">Fio de Solda 1mm Estanho R\u00e1dio Carretel 60&#215;40 250 gramas O estanho em fio para solda 60 x 40, di\u00e2metro 1 mm, com fluxo aditivado RA foi especialmente desenvolvido para soldagem de componentes eletroeletr\u00f4nicos &#8211; Marca: Guepar &#8211; Refer\u00eancia: 861-2895 &#8211; Tipo: Carretel &#8211; Composi\u00e7\u00e3o: 60\/40 &#8211; Di\u00e2metro: 1mm &#8211; Peso: 250 gramas &#8211; Item usado em Eletroeletr\u00f4nica para amadores ou profissionais &#8211; Solde e realize manuten\u00e7\u00e3o em suas placas de circuitos, terminais, componentes, aeromodelos, drones, etc. &#8211; O fluxo do tipo RA \u00e9 indicado para remover o filme de \u00f3xido superficial do cobre, lat\u00e3o, bronze e bases estanhadas &#8211; Ap\u00f3s a soldagem, a pel\u00edcula de fluxo retida sobre a \u00e1rea soldada torna-se isolante <br \/><\/span><\/p>","protected":false},"excerpt":{"rendered":"<p><span style=\"font-family: 'Proxima Nova', -apple-system, Roboto, Arial, sans-serif;font-size: 20px\">Fio de Solda 1mm Estanho R\u00e1dio Carretel 60&#215;40 250 gramas O estanho em fio para solda 60 x 40, di\u00e2metro 1 mm, com fluxo aditivado RA foi especialmente desenvolvido para soldagem de componentes eletroeletr\u00f4nicos <br \/><\/span><\/p>","protected":false},"featured_media":7459,"comment_status":"open","ping_status":"closed","template":"","meta":{"_acf_changed":false},"product_brand":[236],"product_cat":[201],"product_tag":[],"class_list":{"0":"post-7462","1":"product","2":"type-product","3":"status-publish","4":"has-post-thumbnail","6":"product_brand-guepar","7":"product_cat-acessorio-para-solda","9":"first","10":"instock","11":"shipping-taxable","12":"purchasable","13":"product-type-simple"},"acf":[],"_links":{"self":[{"href":"https:\/\/armazemon.com.br\/en\/wp-json\/wp\/v2\/product\/7462","targetHints":{"allow":["GET"]}}],"collection":[{"href":"https:\/\/armazemon.com.br\/en\/wp-json\/wp\/v2\/product"}],"about":[{"href":"https:\/\/armazemon.com.br\/en\/wp-json\/wp\/v2\/types\/product"}],"replies":[{"embeddable":true,"href":"https:\/\/armazemon.com.br\/en\/wp-json\/wp\/v2\/comments?post=7462"}],"wp:featuredmedia":[{"embeddable":true,"href":"https:\/\/armazemon.com.br\/en\/wp-json\/wp\/v2\/media\/7459"}],"wp:attachment":[{"href":"https:\/\/armazemon.com.br\/en\/wp-json\/wp\/v2\/media?parent=7462"}],"wp:term":[{"taxonomy":"product_brand","embeddable":true,"href":"https:\/\/armazemon.com.br\/en\/wp-json\/wp\/v2\/product_brand?post=7462"},{"taxonomy":"product_cat","embeddable":true,"href":"https:\/\/armazemon.com.br\/en\/wp-json\/wp\/v2\/product_cat?post=7462"},{"taxonomy":"product_tag","embeddable":true,"href":"https:\/\/armazemon.com.br\/en\/wp-json\/wp\/v2\/product_tag?post=7462"}],"curies":[{"name":"wp","href":"https:\/\/api.w.org\/{rel}","templated":true}]}}