{"id":7466,"date":"2025-12-31T16:47:18","date_gmt":"2025-12-31T16:47:18","guid":{"rendered":"https:\/\/armazemon.com.br\/produto\/arame-p-solda-mig-uso-sem-gas-0-8mm-1kg-guepar\/"},"modified":"2025-12-31T18:19:28","modified_gmt":"2025-12-31T18:19:28","slug":"arame-p-solda-mig-uso-sem-gas-0-8mm-1kg-guepar","status":"publish","type":"product","link":"https:\/\/armazemon.com.br\/en\/product\/arame-p-solda-mig-uso-sem-gas-0-8mm-1kg-guepar\/","title":{"rendered":"Arame p\/Solda MIG uso sem gas 0.8mm 1kg Guepar"},"content":{"rendered":"<p class=\"QN2lPu\" style=\"font-family: Roboto, SHPBurmese, SHPKhmer, 'Helvetica Neue', Helvetica, Arial, \u6587\u6cc9\u9a5b\u6b63\u9ed1, 'WenQuanYi Zen Hei', 'Hiragino Sans GB', '\u5137\u9ed1 Pro', 'LiHei Pro', 'Heiti TC', \u5fae\u8edf\u6b63\u9ed1\u9ad4, 'Microsoft JhengHei UI', 'Microsoft JhengHei', sans-serif\">\u00a0<\/p>\n<p class=\"QN2lPu\" style=\"font-family: Roboto, SHPBurmese, SHPKhmer, 'Helvetica Neue', Helvetica, Arial, \u6587\u6cc9\u9a5b\u6b63\u9ed1, 'WenQuanYi Zen Hei', 'Hiragino Sans GB', '\u5137\u9ed1 Pro', 'LiHei Pro', 'Heiti TC', \u5fae\u8edf\u6b63\u9ed1\u9ad4, 'Microsoft JhengHei UI', 'Microsoft JhengHei', sans-serif\">VANTAGENS:<\/p>\n<p class=\"QN2lPu\" style=\"font-family: Roboto, SHPBurmese, SHPKhmer, 'Helvetica Neue', Helvetica, Arial, \u6587\u6cc9\u9a5b\u6b63\u9ed1, 'WenQuanYi Zen Hei', 'Hiragino Sans GB', '\u5137\u9ed1 Pro', 'LiHei Pro', 'Heiti TC', \u5fae\u8edf\u6b63\u9ed1\u9ad4, 'Microsoft JhengHei UI', 'Microsoft JhengHei', sans-serif\">\u00a0<\/p>\n<p class=\"QN2lPu\" style=\"font-family: Roboto, SHPBurmese, SHPKhmer, 'Helvetica Neue', Helvetica, Arial, \u6587\u6cc9\u9a5b\u6b63\u9ed1, 'WenQuanYi Zen Hei', 'Hiragino Sans GB', '\u5137\u9ed1 Pro', 'LiHei Pro', 'Heiti TC', \u5fae\u8edf\u6b63\u9ed1\u9ad4, 'Microsoft JhengHei UI', 'Microsoft JhengHei', sans-serif\">&#8211; Soldagem extremamente macia e produtiva;<\/p>\n<p class=\"QN2lPu\" style=\"font-family: Roboto, SHPBurmese, SHPKhmer, 'Helvetica Neue', Helvetica, Arial, \u6587\u6cc9\u9a5b\u6b63\u9ed1, 'WenQuanYi Zen Hei', 'Hiragino Sans GB', '\u5137\u9ed1 Pro', 'LiHei Pro', 'Heiti TC', \u5fae\u8edf\u6b63\u9ed1\u9ad4, 'Microsoft JhengHei UI', 'Microsoft JhengHei', sans-serif\">&#8211; Bom desempenho mesmo em lugares com vento ou com acesso limitado devido ao tamanho muito reduzido aliado ao seu baixo peso;<\/p>\n<p class=\"QN2lPu\" style=\"font-family: Roboto, SHPBurmese, SHPKhmer, 'Helvetica Neue', Helvetica, Arial, \u6587\u6cc9\u9a5b\u6b63\u9ed1, 'WenQuanYi Zen Hei', 'Hiragino Sans GB', '\u5137\u9ed1 Pro', 'LiHei Pro', 'Heiti TC', \u5fae\u8edf\u6b63\u9ed1\u9ad4, 'Microsoft JhengHei UI', 'Microsoft JhengHei', sans-serif\">&#8211; Desenvolvido para atender diversas situa\u00e7\u00f5es de solda onde o acesso e a locomo\u00e7\u00e3o s\u00e3o os principais problemas do profissional, o arame n\u00e3o necessita da utiliza\u00e7\u00e3o do g\u00e1s inerte (CO\u00b2\/Arg\u00f4nio) para aplica\u00e7\u00f5es em chapas de a\u00e7o carbono, dispensando assim a necessidade de utilizar o fluxo gasoso para proteger a po\u00e7a de fus\u00e3o;<\/p>\n<p class=\"QN2lPu\" style=\"font-family: Roboto, SHPBurmese, SHPKhmer, 'Helvetica Neue', Helvetica, Arial, \u6587\u6cc9\u9a5b\u6b63\u9ed1, 'WenQuanYi Zen Hei', 'Hiragino Sans GB', '\u5137\u9ed1 Pro', 'LiHei Pro', 'Heiti TC', \u5fae\u8edf\u6b63\u9ed1\u9ad4, 'Microsoft JhengHei UI', 'Microsoft JhengHei', sans-serif\">\u00a0<\/p>\n<p class=\"QN2lPu\" style=\"font-family: Roboto, SHPBurmese, SHPKhmer, 'Helvetica Neue', Helvetica, Arial, \u6587\u6cc9\u9a5b\u6b63\u9ed1, 'WenQuanYi Zen Hei', 'Hiragino Sans GB', '\u5137\u9ed1 Pro', 'LiHei Pro', 'Heiti TC', \u5fae\u8edf\u6b63\u9ed1\u9ad4, 'Microsoft JhengHei UI', 'Microsoft JhengHei', sans-serif\">&#8211; Enrolado no processo capa a capa;<\/p>\n<p class=\"QN2lPu\" style=\"font-family: Roboto, SHPBurmese, SHPKhmer, 'Helvetica Neue', Helvetica, Arial, \u6587\u6cc9\u9a5b\u6b63\u9ed1, 'WenQuanYi Zen Hei', 'Hiragino Sans GB', '\u5137\u9ed1 Pro', 'LiHei Pro', 'Heiti TC', \u5fae\u8edf\u6b63\u9ed1\u9ad4, 'Microsoft JhengHei UI', 'Microsoft JhengHei', sans-serif\">&#8211; Certifica\u00e7\u00e3o de composi\u00e7\u00e3o qu\u00edmica e de qualidade<\/p>\n<p class=\"QN2lPu\" style=\"font-family: Roboto, SHPBurmese, SHPKhmer, 'Helvetica Neue', Helvetica, Arial, \u6587\u6cc9\u9a5b\u6b63\u9ed1, 'WenQuanYi Zen Hei', 'Hiragino Sans GB', '\u5137\u9ed1 Pro', 'LiHei Pro', 'Heiti TC', \u5fae\u8edf\u6b63\u9ed1\u9ad4, 'Microsoft JhengHei UI', 'Microsoft JhengHei', sans-serif\">&#8211; Embalagem resistente a umidade.<\/p>\n<p class=\"QN2lPu\" style=\"font-family: Roboto, SHPBurmese, SHPKhmer, 'Helvetica Neue', Helvetica, Arial, \u6587\u6cc9\u9a5b\u6b63\u9ed1, 'WenQuanYi Zen Hei', 'Hiragino Sans GB', '\u5137\u9ed1 Pro', 'LiHei Pro', 'Heiti TC', \u5fae\u8edf\u6b63\u9ed1\u9ad4, 'Microsoft JhengHei UI', 'Microsoft JhengHei', sans-serif\">\u00a0<\/p>\n<p class=\"QN2lPu\" style=\"font-family: Roboto, SHPBurmese, SHPKhmer, 'Helvetica Neue', Helvetica, Arial, \u6587\u6cc9\u9a5b\u6b63\u9ed1, 'WenQuanYi Zen Hei', 'Hiragino Sans GB', '\u5137\u9ed1 Pro', 'LiHei Pro', 'Heiti TC', \u5fae\u8edf\u6b63\u9ed1\u9ad4, 'Microsoft JhengHei UI', 'Microsoft JhengHei', sans-serif\">\u00a0<\/p>\n<p class=\"QN2lPu\" style=\"font-family: Roboto, SHPBurmese, SHPKhmer, 'Helvetica Neue', Helvetica, Arial, \u6587\u6cc9\u9a5b\u6b63\u9ed1, 'WenQuanYi Zen Hei', 'Hiragino Sans GB', '\u5137\u9ed1 Pro', 'LiHei Pro', 'Heiti TC', \u5fae\u8edf\u6b63\u9ed1\u9ad4, 'Microsoft JhengHei UI', 'Microsoft JhengHei', sans-serif\">APLICA\u00c7\u00d5ES:<\/p>\n<p class=\"QN2lPu\" style=\"font-family: Roboto, SHPBurmese, SHPKhmer, 'Helvetica Neue', Helvetica, Arial, \u6587\u6cc9\u9a5b\u6b63\u9ed1, 'WenQuanYi Zen Hei', 'Hiragino Sans GB', '\u5137\u9ed1 Pro', 'LiHei Pro', 'Heiti TC', \u5fae\u8edf\u6b63\u9ed1\u9ad4, 'Microsoft JhengHei UI', 'Microsoft JhengHei', sans-serif\">\u00a0<\/p>\n<p class=\"QN2lPu\" style=\"font-family: Roboto, SHPBurmese, SHPKhmer, 'Helvetica Neue', Helvetica, Arial, \u6587\u6cc9\u9a5b\u6b63\u9ed1, 'WenQuanYi Zen Hei', 'Hiragino Sans GB', '\u5137\u9ed1 Pro', 'LiHei Pro', 'Heiti TC', \u5fae\u8edf\u6b63\u9ed1\u9ad4, 'Microsoft JhengHei UI', 'Microsoft JhengHei', sans-serif\">Arame tubular para soldagem em todas as posi\u00e7\u00f5es em um \u00fanico passe, ou multipasse. Apresenta baixo \u00edndice de respingos e ampla faixa de par\u00e2metros operacionais, al\u00e9m de proporcionar uma f\u00e1cil remo\u00e7\u00e3o de esc\u00f3ria. N\u00e3o \u00e9 necess\u00e1rio o uso de g\u00e1s de prote\u00e7\u00e3o em equipamento apropriado.<\/p>","protected":false},"excerpt":{"rendered":"<p class=\"QN2lPu\" style=\"font-family: Roboto, SHPBurmese, SHPKhmer, 'Helvetica Neue', Helvetica, Arial, \u6587\u6cc9\u9a5b\u6b63\u9ed1, 'WenQuanYi Zen Hei', 'Hiragino Sans GB', '\u5137\u9ed1 Pro', 'LiHei Pro', 'Heiti TC', \u5fae\u8edf\u6b63\u9ed1\u9ad4, 'Microsoft JhengHei UI', 'Microsoft JhengHei', sans-serif\">Arame Para Solda Mig Uso Sem G\u00e1s Rolo De 1 Kg<\/p>\n<p class=\"QN2lPu\" style=\"font-family: Roboto, SHPBurmese, SHPKhmer, 'Helvetica Neue', Helvetica, Arial, \u6587\u6cc9\u9a5b\u6b63\u9ed1, 'WenQuanYi Zen Hei', 'Hiragino Sans GB', '\u5137\u9ed1 Pro', 'LiHei Pro', 'Heiti TC', \u5fae\u8edf\u6b63\u9ed1\u9ad4, 'Microsoft JhengHei UI', 'Microsoft JhengHei', sans-serif\">\u00a0<\/p>\n<p class=\"QN2lPu\" style=\"font-family: Roboto, SHPBurmese, SHPKhmer, 'Helvetica Neue', Helvetica, Arial, \u6587\u6cc9\u9a5b\u6b63\u9ed1, 'WenQuanYi Zen Hei', 'Hiragino Sans GB', '\u5137\u9ed1 Pro', 'LiHei Pro', 'Heiti TC', \u5fae\u8edf\u6b63\u9ed1\u9ad4, 'Microsoft JhengHei UI', 'Microsoft JhengHei', sans-serif\">Este tipo de arame \u00e9 fabricado para solda sem que haja necessidade de utilizar g\u00e1s de prote\u00e7\u00e3o externo. Tais arames tamb\u00e9m s\u00e3o denominados auto protegidos e t\u00eam seu emprego amplamente difundido em solda onde a utiliza\u00e7\u00e3o de gases de prote\u00e7\u00e3o representa aumento no custo da solda.<\/p>\n<p class=\"QN2lPu\" style=\"font-family: Roboto, SHPBurmese, SHPKhmer, 'Helvetica Neue', Helvetica, Arial, \u6587\u6cc9\u9a5b\u6b63\u9ed1, 'WenQuanYi Zen Hei', 'Hiragino Sans GB', '\u5137\u9ed1 Pro', 'LiHei Pro', 'Heiti TC', \u5fae\u8edf\u6b63\u9ed1\u9ad4, 'Microsoft JhengHei UI', 'Microsoft JhengHei', sans-serif\">\u00a0<\/p>\n<p class=\"QN2lPu\" style=\"font-family: Roboto, SHPBurmese, SHPKhmer, 'Helvetica Neue', Helvetica, Arial, \u6587\u6cc9\u9a5b\u6b63\u9ed1, 'WenQuanYi Zen Hei', 'Hiragino Sans GB', '\u5137\u9ed1 Pro', 'LiHei Pro', 'Heiti TC', \u5fae\u8edf\u6b63\u9ed1\u9ad4, 'Microsoft JhengHei UI', 'Microsoft JhengHei', sans-serif\">\u00a0<\/p>","protected":false},"featured_media":7463,"comment_status":"open","ping_status":"closed","template":"","meta":{"_acf_changed":false},"product_brand":[236],"product_cat":[201],"product_tag":[],"class_list":{"0":"post-7466","1":"product","2":"type-product","3":"status-publish","4":"has-post-thumbnail","6":"product_brand-guepar","7":"product_cat-acessorio-para-solda","9":"first","10":"instock","11":"shipping-taxable","12":"purchasable","13":"product-type-simple"},"acf":[],"_links":{"self":[{"href":"https:\/\/armazemon.com.br\/en\/wp-json\/wp\/v2\/product\/7466","targetHints":{"allow":["GET"]}}],"collection":[{"href":"https:\/\/armazemon.com.br\/en\/wp-json\/wp\/v2\/product"}],"about":[{"href":"https:\/\/armazemon.com.br\/en\/wp-json\/wp\/v2\/types\/product"}],"replies":[{"embeddable":true,"href":"https:\/\/armazemon.com.br\/en\/wp-json\/wp\/v2\/comments?post=7466"}],"wp:featuredmedia":[{"embeddable":true,"href":"https:\/\/armazemon.com.br\/en\/wp-json\/wp\/v2\/media\/7463"}],"wp:attachment":[{"href":"https:\/\/armazemon.com.br\/en\/wp-json\/wp\/v2\/media?parent=7466"}],"wp:term":[{"taxonomy":"product_brand","embeddable":true,"href":"https:\/\/armazemon.com.br\/en\/wp-json\/wp\/v2\/product_brand?post=7466"},{"taxonomy":"product_cat","embeddable":true,"href":"https:\/\/armazemon.com.br\/en\/wp-json\/wp\/v2\/product_cat?post=7466"},{"taxonomy":"product_tag","embeddable":true,"href":"https:\/\/armazemon.com.br\/en\/wp-json\/wp\/v2\/product_tag?post=7466"}],"curies":[{"name":"wp","href":"https:\/\/api.w.org\/{rel}","templated":true}]}}