{"id":7471,"date":"2025-12-31T16:47:28","date_gmt":"2025-12-31T16:47:28","guid":{"rendered":"https:\/\/armazemon.com.br\/produto\/arame-p-solda-mig-er70s-6-guepar-0-8mm-5kg\/"},"modified":"2025-12-31T18:19:28","modified_gmt":"2025-12-31T18:19:28","slug":"arame-p-solda-mig-er70s-6-guepar-0-8mm-5kg","status":"publish","type":"product","link":"https:\/\/armazemon.com.br\/en\/product\/arame-p-solda-mig-er70s-6-guepar-0-8mm-5kg\/","title":{"rendered":"Arame p\/Solda mig ER70S-6 Guepar 0.8mm 5kg"},"content":{"rendered":"<p><span style=\"font-family: Barlow, sans-serif;font-size: 16px\">Vers\u00e1til, pode ser aplicado nas mais diversas espessuras de chapas, podendo ser amplamente utilizado na ind\u00fastria de implementos agr\u00edcolas, nas ind\u00fastrias automobil\u00edsticas (montadoras e setor de autope\u00e7as), implementos rodovi\u00e1rios (carrocerias), caldeirarias e em constru\u00e7\u00f5es mec\u00e2nicas.<\/span><\/p>","protected":false},"excerpt":{"rendered":"<p><span style=\"font-family: Barlow, sans-serif;font-size: 16px\">Vers\u00e1til, pode ser aplicado nas mais diversas espessuras de chapas, podendo ser amplamente utilizado na ind\u00fastria de implementos agr\u00edcolas, nas ind\u00fastrias automobil\u00edsticas (montadoras e setor de autope\u00e7as), implementos rodovi\u00e1rios (carrocerias), caldeirarias e em constru\u00e7\u00f5es mec\u00e2nicas.<\/span><\/p>","protected":false},"featured_media":7469,"comment_status":"open","ping_status":"closed","template":"","meta":{"_acf_changed":false},"product_brand":[236],"product_cat":[201],"product_tag":[],"class_list":{"0":"post-7471","1":"product","2":"type-product","3":"status-publish","4":"has-post-thumbnail","6":"product_brand-guepar","7":"product_cat-acessorio-para-solda","9":"first","10":"instock","11":"shipping-taxable","12":"purchasable","13":"product-type-simple"},"acf":[],"_links":{"self":[{"href":"https:\/\/armazemon.com.br\/en\/wp-json\/wp\/v2\/product\/7471","targetHints":{"allow":["GET"]}}],"collection":[{"href":"https:\/\/armazemon.com.br\/en\/wp-json\/wp\/v2\/product"}],"about":[{"href":"https:\/\/armazemon.com.br\/en\/wp-json\/wp\/v2\/types\/product"}],"replies":[{"embeddable":true,"href":"https:\/\/armazemon.com.br\/en\/wp-json\/wp\/v2\/comments?post=7471"}],"wp:featuredmedia":[{"embeddable":true,"href":"https:\/\/armazemon.com.br\/en\/wp-json\/wp\/v2\/media\/7469"}],"wp:attachment":[{"href":"https:\/\/armazemon.com.br\/en\/wp-json\/wp\/v2\/media?parent=7471"}],"wp:term":[{"taxonomy":"product_brand","embeddable":true,"href":"https:\/\/armazemon.com.br\/en\/wp-json\/wp\/v2\/product_brand?post=7471"},{"taxonomy":"product_cat","embeddable":true,"href":"https:\/\/armazemon.com.br\/en\/wp-json\/wp\/v2\/product_cat?post=7471"},{"taxonomy":"product_tag","embeddable":true,"href":"https:\/\/armazemon.com.br\/en\/wp-json\/wp\/v2\/product_tag?post=7471"}],"curies":[{"name":"wp","href":"https:\/\/api.w.org\/{rel}","templated":true}]}}