{"id":7491,"date":"2025-12-31T16:50:57","date_gmt":"2025-12-31T16:50:57","guid":{"rendered":"https:\/\/armazemon.com.br\/produto\/carrinho-de-mao-80-lt-150kg-extra-forte-guepar\/"},"modified":"2026-04-16T10:54:08","modified_gmt":"2026-04-16T10:54:08","slug":"carrinho-de-mao-80-lt-150kg-extra-forte-guepar","status":"publish","type":"product","link":"https:\/\/armazemon.com.br\/en\/product\/carrinho-de-mao-80-lt-150kg-extra-forte-guepar\/","title":{"rendered":"Carrinho de M\u00e3o 80 Lt \/ 150kg Extra Forte &#8211; Guepar"},"content":{"rendered":"<p style=\"padding: 0px;font-family: Barlow, sans-serif;font-size: 16px\"><span style=\"margin: 0px;padding: 0px\">Caracter\u00edsticas:<\/span><\/p>\n<p style=\"padding: 0px;font-family: Barlow, sans-serif;font-size: 16px\"><span style=\"margin: 0px;padding: 0px\">Capacidade: 80 litros \/ 150kg<\/span><\/p>\n<p style=\"padding: 0px;font-family: Barlow, sans-serif;font-size: 16px\"><span style=\"margin: 0px;padding: 0px\">Para uso na constru\u00e7\u00e3o civil<\/span><\/p>\n<p style=\"padding: 0px;font-family: Barlow, sans-serif;font-size: 16px\"><span style=\"margin: 0px;padding: 0px\">Cor Azul<\/span><\/p>\n<p style=\"padding: 0px;font-family: Barlow, sans-serif;font-size: 16px\"><span style=\"margin: 0px;padding: 0px\">Eixo maci\u00e7o com rolamento<\/span><\/p>\n<p style=\"padding: 0px;font-family: Barlow, sans-serif;font-size: 16px\"><span style=\"margin: 0px;padding: 0px\">Trava de Estabilidade Dupla<\/span><\/p>\n<p style=\"padding: 0px;font-family: Barlow, sans-serif;font-size: 16px\"><span style=\"margin: 0px;padding: 0px\">Estabilizadores para as pernas<\/span><\/p>\n<p style=\"padding: 0px;font-family: Barlow, sans-serif;font-size: 16px\"><span style=\"margin: 0px;padding: 0px\">Acompanha pneu tipo trator com c\u00e2mara 3,25 x 8<\/span><\/p>\n<p style=\"padding: 0px;font-family: Barlow, sans-serif;font-size: 16px\"><span style=\"margin: 0px;padding: 0px\">\u00a0<\/span><\/p>","protected":false},"excerpt":{"rendered":"<p style=\"padding: 0px;font-family: Barlow, sans-serif;font-size: 16px\"><span style=\"margin: 0px;padding: 0px\">O carrinho de m\u00e3o \u00e9 direcionado para uso geral, principalmente para a constru\u00e7\u00e3o civil, no transporte de ferramentas e materiais diversos, como terra, areia, argamassa e entulhos.<\/span><\/p>\n<p style=\"padding: 0px;font-family: Barlow, sans-serif;font-size: 16px\"><span style=\"margin: 0px;padding: 0px\">\u00a0<\/span><\/p>","protected":false},"featured_media":7489,"comment_status":"open","ping_status":"closed","template":"","meta":{"_acf_changed":false},"product_brand":[236],"product_cat":[203,205],"product_tag":[],"class_list":{"0":"post-7491","1":"product","2":"type-product","3":"status-publish","4":"has-post-thumbnail","6":"product_brand-guepar","7":"product_cat-ferramenta-para-construcao-civil","8":"product_cat-ferramentas-de-transporte","10":"first","11":"outofstock","12":"shipping-taxable","13":"purchasable","14":"product-type-simple"},"acf":[],"_links":{"self":[{"href":"https:\/\/armazemon.com.br\/en\/wp-json\/wp\/v2\/product\/7491","targetHints":{"allow":["GET"]}}],"collection":[{"href":"https:\/\/armazemon.com.br\/en\/wp-json\/wp\/v2\/product"}],"about":[{"href":"https:\/\/armazemon.com.br\/en\/wp-json\/wp\/v2\/types\/product"}],"replies":[{"embeddable":true,"href":"https:\/\/armazemon.com.br\/en\/wp-json\/wp\/v2\/comments?post=7491"}],"wp:featuredmedia":[{"embeddable":true,"href":"https:\/\/armazemon.com.br\/en\/wp-json\/wp\/v2\/media\/7489"}],"wp:attachment":[{"href":"https:\/\/armazemon.com.br\/en\/wp-json\/wp\/v2\/media?parent=7491"}],"wp:term":[{"taxonomy":"product_brand","embeddable":true,"href":"https:\/\/armazemon.com.br\/en\/wp-json\/wp\/v2\/product_brand?post=7491"},{"taxonomy":"product_cat","embeddable":true,"href":"https:\/\/armazemon.com.br\/en\/wp-json\/wp\/v2\/product_cat?post=7491"},{"taxonomy":"product_tag","embeddable":true,"href":"https:\/\/armazemon.com.br\/en\/wp-json\/wp\/v2\/product_tag?post=7491"}],"curies":[{"name":"wp","href":"https:\/\/api.w.org\/{rel}","templated":true}]}}