{"id":7503,"date":"2025-12-31T16:59:48","date_gmt":"2025-12-31T16:59:48","guid":{"rendered":"https:\/\/armazemon.com.br\/produto\/tinta-spray-super-metalico-dourado-gueparcolor-400ml\/"},"modified":"2026-05-12T14:39:33","modified_gmt":"2026-05-12T14:39:33","slug":"tinta-spray-super-metalico-dourado-gueparcolor-400ml","status":"publish","type":"product","link":"https:\/\/armazemon.com.br\/en\/product\/tinta-spray-super-metalico-dourado-gueparcolor-400ml\/","title":{"rendered":"Tinta Spray Super Met\u00e1lico Dourado Gueparcolor 400ml"},"content":{"rendered":"<p style=\"padding: 0px;font-family: Barlow, sans-serif;font-size: 16px\"><span style=\"margin: 0px;padding: 0px\">Gueparcolor \u00e9 uma tinta acr\u00edlica em spray de secagem r\u00e1pida para uso interno e externo, com alto rendimento (1,5m\u00b2 a 2,2m\u00b2 por embalagem e dem\u00e3o), com excelente cobertura, f\u00e1cil de aplicar, seu bico anat\u00f4mico evita respingamento e proporciona uma aplica\u00e7\u00e3o leve e confort\u00e1vel.<\/span><\/p>\n<p style=\"padding: 0px;font-family: Barlow, sans-serif;font-size: 16px\"><span style=\"margin: 0px;padding: 0px\">\u00a0<\/span><\/p>\n<p style=\"padding: 0px;font-family: Barlow, sans-serif;font-size: 16px\"><span style=\"margin: 0px;padding: 0px\">\u00a0\u00a0Aplica\u00e7\u00e3o<\/span><\/p>\n<p style=\"padding: 0px;font-family: Barlow, sans-serif;font-size: 16px\"><span style=\"margin: 0px;padding: 0px\">Indicado para\u00a0ferro, cer\u00e2mica, pap\u00e9is, metais, madeiras e gesso.<\/span><\/p>\n<p style=\"padding: 0px;font-family: Barlow, sans-serif;font-size: 16px\"><span style=\"margin: 0px;padding: 0px\">\u00a0<\/span><\/p>\n<p style=\"padding: 0px;font-family: Barlow, sans-serif;font-size: 16px\"><span style=\"margin: 0px;padding: 0px\">\u00a0Caracter\u00edsticas<\/span><\/p>\n<ul style=\"margin: 0px;padding: 0px;font-family: Barlow, sans-serif;font-size: 16px\">\n<li value=\"0\" style=\"margin: 0px;padding: 0px\"><span style=\"margin: 0px;padding: 0px\">Bico anat\u00f4mico<\/span><\/li>\n<li style=\"margin: 0px;padding: 0px\"><span style=\"margin: 0px;padding: 0px\">Interno e externo<\/span><\/li>\n<li style=\"margin: 0px;padding: 0px\"><span style=\"margin: 0px;padding: 0px\">Alto rendimento \u2013\u00a01,5m\u00b2 a 2,2m\u00b2 por embalagem<\/span><\/li>\n<li style=\"margin: 0px;padding: 0px\"><span style=\"margin: 0px;padding: 0px\">Secagem ultra r\u00e1pida<\/span><\/li>\n<li style=\"margin: 0px;padding: 0px\"><span style=\"margin: 0px;padding: 0px\">Ao toque \u2013 1h<\/span><\/li>\n<li style=\"margin: 0px;padding: 0px\"><span style=\"margin: 0px;padding: 0px\">Manuseio \u2013 3h<\/span><\/li>\n<li style=\"margin: 0px;padding: 0px\"><span style=\"margin: 0px;padding: 0px\">Total \u2013 24h<\/span><\/li>\n<li style=\"margin: 0px;padding: 0px\"><\/li>\n<\/ul>\n<p style=\"padding: 0px;font-family: Barlow, sans-serif;font-size: 16px\"><span style=\"margin: 0px;padding: 0px\">\u00a0<\/span><\/p>","protected":false},"excerpt":{"rendered":"<p style=\"padding: 0px;font-family: Barlow, sans-serif;font-size: 16px\"><span style=\"margin: 0px;padding: 0px\">Gueparcolor \u00e9 uma tinta acr\u00edlica em spray de secagem r\u00e1pida para uso interno e externo, com alto rendimento (1,5m\u00b2 a 2,2m\u00b2 por embalagem e dem\u00e3o), com excelente cobertura, f\u00e1cil de aplicar, seu bico anat\u00f4mico evita respingamento e proporciona uma aplica\u00e7\u00e3o leve e confort\u00e1vel.<\/span><\/p>\n<p style=\"padding: 0px;font-family: Barlow, sans-serif;font-size: 16px\"><span style=\"margin: 0px;padding: 0px\">\u00a0<\/span><\/p>\n<p style=\"padding: 0px;font-family: Barlow, sans-serif;font-size: 16px\"><span style=\"margin: 0px;padding: 0px\">\u00a0\u00a0Aplica\u00e7\u00e3o<\/span><\/p>\n<p style=\"padding: 0px;font-family: Barlow, sans-serif;font-size: 16px\"><span style=\"margin: 0px;padding: 0px\">Indicado para\u00a0ferro, cer\u00e2mica, pap\u00e9is, metais, madeiras e gesso.<\/span><\/p>\n<p style=\"padding: 0px;font-family: Barlow, sans-serif;font-size: 16px\"><span style=\"margin: 0px;padding: 0px\">\u00a0<\/span><\/p>\n<p style=\"padding: 0px;font-family: Barlow, sans-serif;font-size: 16px\"><span style=\"margin: 0px;padding: 0px\">\u00a0Caracter\u00edsticas<\/span><\/p>\n<ul style=\"margin: 0px;padding: 0px;font-family: Barlow, sans-serif;font-size: 16px\">\n<li value=\"0\" style=\"margin: 0px;padding: 0px\"><span style=\"margin: 0px;padding: 0px\">Bico anat\u00f4mico<\/span><\/li>\n<li style=\"margin: 0px;padding: 0px\"><span style=\"margin: 0px;padding: 0px\">Interno e externo<\/span><\/li>\n<li style=\"margin: 0px;padding: 0px\"><span style=\"margin: 0px;padding: 0px\">Alto rendimento \u2013\u00a01,5m\u00b2 a 2,2m\u00b2 por embalagem<\/span><\/li>\n<li style=\"margin: 0px;padding: 0px\"><span style=\"margin: 0px;padding: 0px\">Secagem ultra r\u00e1pida<\/span><\/li>\n<li style=\"margin: 0px;padding: 0px\"><span style=\"margin: 0px;padding: 0px\">Ao toque \u2013 1h<\/span><\/li>\n<li style=\"margin: 0px;padding: 0px\"><span style=\"margin: 0px;padding: 0px\">Manuseio \u2013 3h<\/span><\/li>\n<li style=\"margin: 0px;padding: 0px\"><span style=\"margin: 0px;padding: 0px\">Total \u2013 24h<\/span><\/li>\n<li style=\"margin: 0px;padding: 0px\"><\/li>\n<\/ul>\n<p style=\"padding: 0px;font-family: Barlow, sans-serif;font-size: 16px\"><span style=\"margin: 0px;padding: 0px\">\u00a0<\/span><\/p>","protected":false},"featured_media":7496,"comment_status":"open","ping_status":"closed","template":"","meta":{"_acf_changed":false},"product_brand":[236],"product_cat":[242],"product_tag":[],"class_list":{"0":"post-7503","1":"product","2":"type-product","3":"status-publish","4":"has-post-thumbnail","6":"product_brand-guepar","7":"product_cat-construcao-civil","9":"first","10":"outofstock","11":"shipping-taxable","12":"purchasable","13":"product-type-simple"},"acf":[],"_links":{"self":[{"href":"https:\/\/armazemon.com.br\/en\/wp-json\/wp\/v2\/product\/7503","targetHints":{"allow":["GET"]}}],"collection":[{"href":"https:\/\/armazemon.com.br\/en\/wp-json\/wp\/v2\/product"}],"about":[{"href":"https:\/\/armazemon.com.br\/en\/wp-json\/wp\/v2\/types\/product"}],"replies":[{"embeddable":true,"href":"https:\/\/armazemon.com.br\/en\/wp-json\/wp\/v2\/comments?post=7503"}],"wp:featuredmedia":[{"embeddable":true,"href":"https:\/\/armazemon.com.br\/en\/wp-json\/wp\/v2\/media\/7496"}],"wp:attachment":[{"href":"https:\/\/armazemon.com.br\/en\/wp-json\/wp\/v2\/media?parent=7503"}],"wp:term":[{"taxonomy":"product_brand","embeddable":true,"href":"https:\/\/armazemon.com.br\/en\/wp-json\/wp\/v2\/product_brand?post=7503"},{"taxonomy":"product_cat","embeddable":true,"href":"https:\/\/armazemon.com.br\/en\/wp-json\/wp\/v2\/product_cat?post=7503"},{"taxonomy":"product_tag","embeddable":true,"href":"https:\/\/armazemon.com.br\/en\/wp-json\/wp\/v2\/product_tag?post=7503"}],"curies":[{"name":"wp","href":"https:\/\/api.w.org\/{rel}","templated":true}]}}