{"id":7509,"date":"2025-12-31T17:00:02","date_gmt":"2025-12-31T17:00:02","guid":{"rendered":"https:\/\/armazemon.com.br\/produto\/zarcao-spray-fundo-antiferrugem-para-metais-400ml-guepar\/"},"modified":"2025-12-31T18:19:27","modified_gmt":"2025-12-31T18:19:27","slug":"zarcao-spray-fundo-antiferrugem-para-metais-400ml-guepar","status":"publish","type":"product","link":"https:\/\/armazemon.com.br\/en\/product\/zarcao-spray-fundo-antiferrugem-para-metais-400ml-guepar\/","title":{"rendered":"Zarc\u00e3o Spray Fundo Antiferrugem Para Metais 400ml Guepar"},"content":{"rendered":"<p><span style=\"font-family: 'Proxima Nova', -apple-system, Roboto, Arial, sans-serif;font-size: 20px\">Zarc\u00e3o Spray Fundo Antiferrugem 400ml &#8211; Cor Laranja Guepar Color 1 Unidade Fundo Antiferrugem Para Metais na Cor Laranja. Protege Contra A\u00e7\u00f5es de Ferrugem, Corros\u00e3o e Oxida\u00e7\u00e3o. Maior Alcance e Penetra\u00e7\u00e3o que o Pincel. Acabamento Uniforme. F\u00e1cil Aplica\u00e7\u00e3o. INDICA\u00c7\u00c3O Indicado para todas as superf\u00edcies met\u00e1licas como forma de prote\u00e7\u00e3o contra a\u00e7\u00f5es de ferrugem, corros\u00e3o e oxida\u00e7\u00e3o. Uso interno e Externo. Para Prote\u00e7\u00e3o e Manuten\u00e7\u00e3o de: &#8211; Soldas met\u00e1lica ap\u00f3s reparos e servi\u00e7os de serralheiro. &#8211; Reparo em lanternagem met\u00e1lica de carros e motos. &#8211; Ferramentas manuais e carca\u00e7as met\u00e1licas de ferramentas el\u00e9tricas. &#8211; Port\u00f5es, portas, janelas, grades e outros de superf\u00edcie met\u00e1lica. &#8211; Quadro de bicicleta e acess\u00f3rios de metal. &#8211; Mesas, cadeiras de cozinha, bar ou de jardim e acess\u00f3rios de jardinagem de metal. &#8211; Um produto vers\u00e1til para utiliza\u00e7\u00e3o em superf\u00edcies de metal que est\u00e3o sujeito a a\u00e7\u00f5es de ferrugem, corros\u00e3o e oxida\u00e7\u00e3o. Para Uso Interno e Externo. Utilizado preventivamente evita futuras oxida\u00e7\u00f5es nas partes a serem pintadas e proporciona um acabamento uniforme a toda pintura de acabamento se necess\u00e1rio. CARACTER\u00cdSTICAS Cor Laranja Bico Anat\u00f4mico Acabamento Refletivo Alto Rendimento \u2013 1,5m\u00b2 a 2,2m\u00b2 por embalagem Secagem Ultra R\u00e1pida Ao toque em 1 hora Ao manuseio em 3 horas Total em 24 horas Teste mec\u00e2nico em 72 horas PREPARA\u00c7\u00c3O DA SUPERF\u00cdCIE E PINTURA 1 &#8211; Lixe a pe\u00e7a para remover a ferrugem, sinais de oxida\u00e7\u00e3o e o resto de pintura, gordura e resina. 2 &#8211; Com um pano ou estopa limpa remova toda sujeira e poeira do lixamento. 3 &#8211; Agite o spray em movimentos circulares por 2 a 3 minutos. 4 &#8211; Aplique em camadas finas em forma de leque mantendo uma dist\u00e2ncia aproximada de 15cm da pe\u00e7a. Duas a tr\u00eas dem\u00e3os se necess\u00e1rio. 5 &#8211; Para limpeza do bico vire a lata para baixo e pressione a v\u00e1lvula at\u00e9 sair somente g\u00e1s. <br \/><\/span><\/p>","protected":false},"excerpt":{"rendered":"<p><span style=\"font-family: 'Proxima Nova', -apple-system, Roboto, Arial, sans-serif;font-size: 20px\">GUEPAR COLOR Zarc\u00e3o \u00e9 um fundo antiferrugem para metais. \u00c9 o produto ideal para prote\u00e7\u00e3o de superf\u00edcies met\u00e1licas, pois conta com a\u00e7\u00e3o anticorrosiva e antioxidante. \u00c9 de f\u00e1cil aplica\u00e7\u00e3o e permite alcan\u00e7ar locais em que os pinc\u00e9is n\u00e3o chegam. Um produto inovador e com alta durabilidade.<\/span><\/p>","protected":false},"featured_media":7504,"comment_status":"open","ping_status":"closed","template":"","meta":{"_acf_changed":false},"product_brand":[236],"product_cat":[242],"product_tag":[],"class_list":{"0":"post-7509","1":"product","2":"type-product","3":"status-publish","4":"has-post-thumbnail","6":"product_brand-guepar","7":"product_cat-construcao-civil","9":"first","10":"instock","11":"shipping-taxable","12":"purchasable","13":"product-type-simple"},"acf":[],"_links":{"self":[{"href":"https:\/\/armazemon.com.br\/en\/wp-json\/wp\/v2\/product\/7509","targetHints":{"allow":["GET"]}}],"collection":[{"href":"https:\/\/armazemon.com.br\/en\/wp-json\/wp\/v2\/product"}],"about":[{"href":"https:\/\/armazemon.com.br\/en\/wp-json\/wp\/v2\/types\/product"}],"replies":[{"embeddable":true,"href":"https:\/\/armazemon.com.br\/en\/wp-json\/wp\/v2\/comments?post=7509"}],"wp:featuredmedia":[{"embeddable":true,"href":"https:\/\/armazemon.com.br\/en\/wp-json\/wp\/v2\/media\/7504"}],"wp:attachment":[{"href":"https:\/\/armazemon.com.br\/en\/wp-json\/wp\/v2\/media?parent=7509"}],"wp:term":[{"taxonomy":"product_brand","embeddable":true,"href":"https:\/\/armazemon.com.br\/en\/wp-json\/wp\/v2\/product_brand?post=7509"},{"taxonomy":"product_cat","embeddable":true,"href":"https:\/\/armazemon.com.br\/en\/wp-json\/wp\/v2\/product_cat?post=7509"},{"taxonomy":"product_tag","embeddable":true,"href":"https:\/\/armazemon.com.br\/en\/wp-json\/wp\/v2\/product_tag?post=7509"}],"curies":[{"name":"wp","href":"https:\/\/api.w.org\/{rel}","templated":true}]}}