{"id":7544,"date":"2026-01-01T22:56:35","date_gmt":"2026-01-01T22:56:35","guid":{"rendered":"https:\/\/armazemon.com.br\/produto\/jogo-chave-fenda-e-phillips-magnetica-8-unidades-guepar\/"},"modified":"2026-03-07T02:04:53","modified_gmt":"2026-03-07T02:04:53","slug":"jogo-chave-fenda-e-phillips-magnetica-8-unidades-guepar","status":"publish","type":"product","link":"https:\/\/armazemon.com.br\/en\/product\/jogo-chave-fenda-e-phillips-magnetica-8-unidades-guepar\/","title":{"rendered":"Jogo Chave Fenda e Phillips Magn\u00e9tica 8 unidades Guepar"},"content":{"rendered":"<p style=\"padding: 0px; font-family: Barlow, sans-serif; font-size: 16px;\"><span style=\"margin: 0px; padding: 0px;\">O\u00a0<\/span><span style=\"margin: 0px; padding: 0px;\">Jogo de Chaves de Fenda Guepar 8 Pe\u00e7as<\/span><span style=\"margin: 0px; padding: 0px;\">\u00a0\u00e9 desenvolvido em\u00a0<\/span><span style=\"margin: 0px; padding: 0px;\">a\u00e7o cromo-van\u00e1dio (CR-V)<\/span><span style=\"margin: 0px; padding: 0px;\">, garantindo\u00a0<\/span><span style=\"margin: 0px; padding: 0px;\">alta resist\u00eancia, durabilidade e desempenho profissional<\/span><span style=\"margin: 0px; padding: 0px;\">. Ideal para uso di\u00e1rio em oficinas, manuten\u00e7\u00e3o, instala\u00e7\u00f5es e reparos em geral.<\/span><\/p>\n<ul style=\"margin: 0px; padding: 0px; font-family: Barlow, sans-serif; font-size: 16px;\">\n<li style=\"margin: 0px; padding: 0px;\"><span style=\"margin: 0px; padding: 0px;\">Fabricadas em a\u00e7o CR-V<\/span><span style=\"margin: 0px; padding: 0px;\">, que proporciona maior vida \u00fatil e resist\u00eancia ao desgaste.<\/span><\/li>\n<li style=\"margin: 0px; padding: 0px;\"><span style=\"margin: 0px; padding: 0px;\">Cabos ergon\u00f4micos com grip antiderrapante<\/span><span style=\"margin: 0px; padding: 0px;\">, oferecendo conforto e seguran\u00e7a durante o uso.<\/span><\/li>\n<li style=\"margin: 0px; padding: 0px;\"><span style=\"margin: 0px; padding: 0px;\">Pontas magn\u00e9ticas<\/span><span style=\"margin: 0px; padding: 0px;\">, facilitando o manuseio e evitando queda de parafusos (quando aplic\u00e1vel ao modelo Guepar).<\/span><\/li>\n<li style=\"margin: 0px; padding: 0px;\"><span style=\"margin: 0px; padding: 0px;\">Conjunto completo para diversas aplica\u00e7\u00f5es, perfeito para\u00a0<\/span><span style=\"margin: 0px; padding: 0px;\">uso profissional e dom\u00e9stico<\/span><span style=\"margin: 0px; padding: 0px;\">.<\/span><\/li>\n<li style=\"margin: 0px; padding: 0px;\"><span style=\"margin: 0px; padding: 0px;\">Marca\u00a0<\/span><span style=\"margin: 0px; padding: 0px;\">Guepar<\/span><span style=\"margin: 0px; padding: 0px;\">, refer\u00eancia em ferramentas robustas e de alta performance.<\/span>&lt;a style=&quot;&rdquo;margin:&quot; 0px; padding: box-sizing: border-box; transition: 0.5s; cursor: pointer;&rdquo;&gt;&lt;\/a&gt;<\/li>\n<\/ul>\n<p style=\"padding: 0px; font-family: Barlow, sans-serif; font-size: 16px;\"><span style=\"margin: 0px; padding: 0px;\">\u00a0<\/span><\/p>\n<p style=\"padding: 0px; font-family: Barlow, sans-serif; font-size: 16px;\"><span style=\"margin: 0px; padding: 0px;\">Dados adicionais:<\/span><\/p>\n<p style=\"padding: 0px; font-family: Barlow, sans-serif; font-size: 16px;\"><span style=\"margin: 0px; padding: 0px;\">\u00a0<\/span><\/p>\n<p style=\"padding: 0px; font-family: Barlow, sans-serif; font-size: 16px;\"><span style=\"margin: 0px; padding: 0px;\">Kit composto por 04 Chaves tipo manual, com ponta chata, tipo fenda ( 3x75mm 5x100mm 6x150mm 6x38mm )<\/span><\/p>\n<p style=\"padding: 0px; font-family: Barlow, sans-serif; font-size: 16px;\"><span style=\"margin: 0px; padding: 0px;\">04 Chaves tipo manual, com ponta cruz ( PH0 x 75mm ;PH1x100mm; PH2x150mm ;PH2x38mm).<br style=\"margin: 0px; padding: 0px;\" \/>Com magnetismo na ponta. Utilizada para trabalhos com parafusos e porcas. Corpo em a\u00e7o Cromo Van\u00e1dio, \u00a0e cabo emborrachado.<\/span><\/p>\n<p style=\"padding: 0px; font-family: Barlow, sans-serif; font-size: 16px;\"><span style=\"margin: 0px; padding: 0px;\">Marca: Guepar<\/span><\/p>","protected":false},"excerpt":{"rendered":"<p><span style=\"font-family: Barlow, sans-serif; font-size: 16px; margin: 0px; padding: 0px;\">O\u00a0<\/span><span style=\"font-family: Barlow, sans-serif; font-size: 16px; margin: 0px; padding: 0px;\">Jogo de Chaves de Fenda Guepar 8 Pe\u00e7as<\/span><span style=\"font-family: Barlow, sans-serif; font-size: 16px; margin: 0px; padding: 0px;\">\u00a0\u00e9 desenvolvido em\u00a0<\/span><span style=\"font-family: Barlow, sans-serif; font-size: 16px; margin: 0px; padding: 0px;\">a\u00e7o cromo-van\u00e1dio (CR-V)<\/span><span style=\"font-family: Barlow, sans-serif; font-size: 16px; margin: 0px; padding: 0px;\">, garantindo\u00a0<\/span><span style=\"font-family: Barlow, sans-serif; font-size: 16px; margin: 0px; padding: 0px;\">alta resist\u00eancia, durabilidade e desempenho profissional<\/span><span style=\"font-family: Barlow, sans-serif; font-size: 16px; margin: 0px; padding: 0px;\">. Ideal para uso di\u00e1rio em oficinas, manuten\u00e7\u00e3o, instala\u00e7\u00f5es e reparos em geral.\u00a0<\/span><span style=\"font-family: Barlow, sans-serif; font-size: 16px;\">Kit composto por 04 Chaves tipo manual, com ponta chata, tipo fenda ( 3x75mm 5x100mm 6x150mm 6x38mm ) +\u00a0<\/span><span style=\"margin: 0px; padding: 0px;\">04 Chaves tipo manual, com ponta cruz ( PH0 x 75mm ;PH1x100mm; PH2x150mm ;PH2x38mm).<\/span><\/p>","protected":false},"featured_media":7542,"comment_status":"open","ping_status":"closed","template":"","meta":{"_acf_changed":false},"product_brand":[236],"product_cat":[203],"product_tag":[],"class_list":{"0":"post-7544","1":"product","2":"type-product","3":"status-publish","4":"has-post-thumbnail","6":"product_brand-guepar","7":"product_cat-ferramenta-para-construcao-civil","9":"first","10":"instock","11":"shipping-taxable","12":"purchasable","13":"product-type-simple"},"acf":[],"_links":{"self":[{"href":"https:\/\/armazemon.com.br\/en\/wp-json\/wp\/v2\/product\/7544","targetHints":{"allow":["GET"]}}],"collection":[{"href":"https:\/\/armazemon.com.br\/en\/wp-json\/wp\/v2\/product"}],"about":[{"href":"https:\/\/armazemon.com.br\/en\/wp-json\/wp\/v2\/types\/product"}],"replies":[{"embeddable":true,"href":"https:\/\/armazemon.com.br\/en\/wp-json\/wp\/v2\/comments?post=7544"}],"wp:featuredmedia":[{"embeddable":true,"href":"https:\/\/armazemon.com.br\/en\/wp-json\/wp\/v2\/media\/7542"}],"wp:attachment":[{"href":"https:\/\/armazemon.com.br\/en\/wp-json\/wp\/v2\/media?parent=7544"}],"wp:term":[{"taxonomy":"product_brand","embeddable":true,"href":"https:\/\/armazemon.com.br\/en\/wp-json\/wp\/v2\/product_brand?post=7544"},{"taxonomy":"product_cat","embeddable":true,"href":"https:\/\/armazemon.com.br\/en\/wp-json\/wp\/v2\/product_cat?post=7544"},{"taxonomy":"product_tag","embeddable":true,"href":"https:\/\/armazemon.com.br\/en\/wp-json\/wp\/v2\/product_tag?post=7544"}],"curies":[{"name":"wp","href":"https:\/\/api.w.org\/{rel}","templated":true}]}}