{"id":7549,"date":"2026-01-01T23:40:04","date_gmt":"2026-01-01T23:40:04","guid":{"rendered":"https:\/\/armazemon.com.br\/produto\/trena-profissional-com-trava-750-cm-com-ima-guepar\/"},"modified":"2026-04-10T22:28:22","modified_gmt":"2026-04-10T22:28:22","slug":"trena-profissional-com-trava-750-cm-com-ima-guepar","status":"publish","type":"product","link":"https:\/\/armazemon.com.br\/en\/product\/trena-profissional-com-trava-750-cm-com-ima-guepar\/","title":{"rendered":"Trena Profissional com Trava 7,50 cm &#8211; com im\u00e3 &#8211; Guepar"},"content":{"rendered":"<p style=\"padding: 0px;font-family: Barlow, sans-serif;font-size: 16px\"><span style=\"margin: 0px;padding: 0px\">A trena \u00e9 um instrumento para medi\u00e7\u00e3o linear e em curvas. \u00c9 constitu\u00edda por uma fita de a\u00e7o flex\u00edvel, em cuja superf\u00edcie est\u00e1 gravada gradua\u00e7\u00e3o no sistema m\u00e9trico decimal e em polegadas. A trena tem internamente um sistema de mola que retrai a fita de a\u00e7o graduada.<\/span><\/p>\n<p style=\"padding: 0px;font-family: Barlow, sans-serif;font-size: 16px\"><span style=\"margin: 0px;padding: 0px\">\u00a0<\/span><\/p>\n<p style=\"padding: 0px;font-family: Barlow, sans-serif;font-size: 16px\"><span style=\"margin: 0px;padding: 0px\">Caracter\u00edsticas:<\/span><\/p>\n<p style=\"padding: 0px;font-family: Barlow, sans-serif;font-size: 16px\"><span style=\"margin: 0px;padding: 0px\">Ponta imantada<\/span><\/p>\n<p style=\"padding: 0px;font-family: Barlow, sans-serif;font-size: 16px\"><span style=\"margin: 0px;padding: 0px\">Profissional<\/span><\/p>\n<p style=\"padding: 0px;font-family: Barlow, sans-serif;font-size: 16px\"><span style=\"margin: 0px;padding: 0px\">Com bot\u00e3o de Travamento<\/span><\/p>\n<p style=\"padding: 0px;font-family: Barlow, sans-serif;font-size: 16px\"><span style=\"margin: 0px;padding: 0px\">Numera\u00e7\u00e3o cont\u00ednua<\/span><\/p>","protected":false},"excerpt":{"rendered":"<p style=\"padding: 0px;font-family: Barlow, sans-serif;font-size: 16px\"><span style=\"margin: 0px;padding: 0px\">A trena \u00e9 um instrumento para medi\u00e7\u00e3o linear e em curvas. \u00c9 constitu\u00edda por uma fita de a\u00e7o flex\u00edvel, em cuja superf\u00edcie est\u00e1 gravada gradua\u00e7\u00e3o no sistema m\u00e9trico decimal e em polegadas. A trena tem internamente um sistema de mola que retrai a fita de a\u00e7o graduada.\u00a0<\/span><span style=\"margin: 0px;padding: 0px\">Ponta imantada,\u00a0<\/span><span style=\"margin: 0px;padding: 0px\">Com bot\u00e3o de Travamento ,\u00a0<\/span><span style=\"margin: 0px;padding: 0px\">Numera\u00e7\u00e3o cont\u00ednua<\/span><\/p>","protected":false},"featured_media":7547,"comment_status":"open","ping_status":"closed","template":"","meta":{"_acf_changed":false},"product_brand":[],"product_cat":[203],"product_tag":[],"class_list":{"0":"post-7549","1":"product","2":"type-product","3":"status-publish","4":"has-post-thumbnail","6":"product_cat-ferramenta-para-construcao-civil","8":"first","9":"instock","10":"sale","11":"shipping-taxable","12":"purchasable","13":"product-type-simple"},"acf":[],"_links":{"self":[{"href":"https:\/\/armazemon.com.br\/en\/wp-json\/wp\/v2\/product\/7549","targetHints":{"allow":["GET"]}}],"collection":[{"href":"https:\/\/armazemon.com.br\/en\/wp-json\/wp\/v2\/product"}],"about":[{"href":"https:\/\/armazemon.com.br\/en\/wp-json\/wp\/v2\/types\/product"}],"replies":[{"embeddable":true,"href":"https:\/\/armazemon.com.br\/en\/wp-json\/wp\/v2\/comments?post=7549"}],"wp:featuredmedia":[{"embeddable":true,"href":"https:\/\/armazemon.com.br\/en\/wp-json\/wp\/v2\/media\/7547"}],"wp:attachment":[{"href":"https:\/\/armazemon.com.br\/en\/wp-json\/wp\/v2\/media?parent=7549"}],"wp:term":[{"taxonomy":"product_brand","embeddable":true,"href":"https:\/\/armazemon.com.br\/en\/wp-json\/wp\/v2\/product_brand?post=7549"},{"taxonomy":"product_cat","embeddable":true,"href":"https:\/\/armazemon.com.br\/en\/wp-json\/wp\/v2\/product_cat?post=7549"},{"taxonomy":"product_tag","embeddable":true,"href":"https:\/\/armazemon.com.br\/en\/wp-json\/wp\/v2\/product_tag?post=7549"}],"curies":[{"name":"wp","href":"https:\/\/api.w.org\/{rel}","templated":true}]}}