{"id":7890,"date":"2026-02-13T09:43:44","date_gmt":"2026-02-13T09:43:44","guid":{"rendered":"https:\/\/armazemon.com.br\/produto\/macarico-italiano-com-valvula-de-seguranca-viapol\/"},"modified":"2026-05-05T14:20:45","modified_gmt":"2026-05-05T14:20:45","slug":"macarico-italiano-com-valvula-de-seguranca-viapol","status":"publish","type":"product","link":"https:\/\/armazemon.com.br\/en\/product\/macarico-italiano-com-valvula-de-seguranca-viapol\/","title":{"rendered":"Ma\u00e7arico Italiano com V\u00e1lvula de Seguran\u00e7a VIAPOL"},"content":{"rendered":"","protected":false},"excerpt":{"rendered":"<p><strong style=\"font-family: 'Open Sans', Helvetica, sans-serif;font-size: 16px\">Ma\u00e7arico<\/strong><span style=\"font-family: 'Open Sans', Helvetica, sans-serif;font-size: 16px\">\u00a0especial para colagem das mantas VIAPOL, importado da It\u00e1lia, que possui a mais alta tradi\u00e7\u00e3o no desenvolvimento de colagem de mantas asf\u00e1lticas polim\u00e9ricas.<\/span><\/p>","protected":false},"featured_media":7886,"comment_status":"open","ping_status":"closed","template":"","meta":{"_acf_changed":false},"product_brand":[],"product_cat":[203],"product_tag":[],"class_list":{"0":"post-7890","1":"product","2":"type-product","3":"status-publish","4":"has-post-thumbnail","6":"product_cat-ferramenta-para-construcao-civil","8":"first","9":"instock","10":"sale","11":"featured","12":"shipping-taxable","13":"purchasable","14":"product-type-simple"},"acf":[],"_links":{"self":[{"href":"https:\/\/armazemon.com.br\/en\/wp-json\/wp\/v2\/product\/7890","targetHints":{"allow":["GET"]}}],"collection":[{"href":"https:\/\/armazemon.com.br\/en\/wp-json\/wp\/v2\/product"}],"about":[{"href":"https:\/\/armazemon.com.br\/en\/wp-json\/wp\/v2\/types\/product"}],"replies":[{"embeddable":true,"href":"https:\/\/armazemon.com.br\/en\/wp-json\/wp\/v2\/comments?post=7890"}],"wp:featuredmedia":[{"embeddable":true,"href":"https:\/\/armazemon.com.br\/en\/wp-json\/wp\/v2\/media\/7886"}],"wp:attachment":[{"href":"https:\/\/armazemon.com.br\/en\/wp-json\/wp\/v2\/media?parent=7890"}],"wp:term":[{"taxonomy":"product_brand","embeddable":true,"href":"https:\/\/armazemon.com.br\/en\/wp-json\/wp\/v2\/product_brand?post=7890"},{"taxonomy":"product_cat","embeddable":true,"href":"https:\/\/armazemon.com.br\/en\/wp-json\/wp\/v2\/product_cat?post=7890"},{"taxonomy":"product_tag","embeddable":true,"href":"https:\/\/armazemon.com.br\/en\/wp-json\/wp\/v2\/product_tag?post=7890"}],"curies":[{"name":"wp","href":"https:\/\/api.w.org\/{rel}","templated":true}]}}