{"id":7900,"date":"2026-02-13T09:45:05","date_gmt":"2026-02-13T09:45:05","guid":{"rendered":"https:\/\/armazemon.com.br\/produto\/manta-asfaltica-viapol-classic-aluminio-3mm-rolo-de-10m2\/"},"modified":"2026-05-05T14:21:29","modified_gmt":"2026-05-05T14:21:29","slug":"manta-asfaltica-viapol-classic-aluminio-3mm-rolo-de-10m2","status":"publish","type":"product","link":"https:\/\/armazemon.com.br\/en\/product\/manta-asfaltica-viapol-classic-aluminio-3mm-rolo-de-10m2\/","title":{"rendered":"Manta Asf\u00e1ltica Viapol Classic Alum\u00ednio 3mm Rolo de 10m2"},"content":{"rendered":"","protected":false},"excerpt":{"rendered":"<p><span style=\"font-family: 'Open Sans', Helvetica, sans-serif; font-size: 16px;\">Manta asf\u00e1ltica produzida a partir da modifica\u00e7\u00e3o f\u00edsica do asfalto com uma mescla de pol\u00edmeros especiais, que proporcionam \u00e0 manta, excelente ader\u00eancia, durabilidade e resist\u00eancia. Estruturada com um n\u00e3o-tecido de filamentos cont\u00ednuos de poli\u00e9ster, resinado e termofixado, com pel\u00edcula extra de aluminio, garante perfeita impermeabiliza\u00e7\u00e3o da \u00e1rea a ser utilizada.<\/span><\/p>","protected":false},"featured_media":7921,"comment_status":"open","ping_status":"closed","template":"","meta":{"_acf_changed":false},"product_brand":[184],"product_cat":[193],"product_tag":[],"class_list":{"0":"post-7900","1":"product","2":"type-product","3":"status-publish","4":"has-post-thumbnail","6":"product_brand-viapol","7":"product_cat-manta-asfaltica","9":"first","10":"instock","11":"featured","12":"shipping-taxable","13":"purchasable","14":"product-type-simple"},"acf":[],"_links":{"self":[{"href":"https:\/\/armazemon.com.br\/en\/wp-json\/wp\/v2\/product\/7900","targetHints":{"allow":["GET"]}}],"collection":[{"href":"https:\/\/armazemon.com.br\/en\/wp-json\/wp\/v2\/product"}],"about":[{"href":"https:\/\/armazemon.com.br\/en\/wp-json\/wp\/v2\/types\/product"}],"replies":[{"embeddable":true,"href":"https:\/\/armazemon.com.br\/en\/wp-json\/wp\/v2\/comments?post=7900"}],"wp:featuredmedia":[{"embeddable":true,"href":"https:\/\/armazemon.com.br\/en\/wp-json\/wp\/v2\/media\/7921"}],"wp:attachment":[{"href":"https:\/\/armazemon.com.br\/en\/wp-json\/wp\/v2\/media?parent=7900"}],"wp:term":[{"taxonomy":"product_brand","embeddable":true,"href":"https:\/\/armazemon.com.br\/en\/wp-json\/wp\/v2\/product_brand?post=7900"},{"taxonomy":"product_cat","embeddable":true,"href":"https:\/\/armazemon.com.br\/en\/wp-json\/wp\/v2\/product_cat?post=7900"},{"taxonomy":"product_tag","embeddable":true,"href":"https:\/\/armazemon.com.br\/en\/wp-json\/wp\/v2\/product_tag?post=7900"}],"curies":[{"name":"wp","href":"https:\/\/api.w.org\/{rel}","templated":true}]}}