{"id":7907,"date":"2026-02-13T09:46:11","date_gmt":"2026-02-13T09:46:11","guid":{"rendered":"https:\/\/armazemon.com.br\/produto\/aditivo-plastificante-para-argamassa-viacal-18lt-viapol\/"},"modified":"2026-05-06T22:30:29","modified_gmt":"2026-05-06T22:30:29","slug":"aditivo-plastificante-para-argamassa-viacal-18lt-viapol","status":"publish","type":"product","link":"https:\/\/armazemon.com.br\/en\/product\/aditivo-plastificante-para-argamassa-viacal-18lt-viapol\/","title":{"rendered":"Aditivo Plastificante para Argamassa &#8211; Viacal 18LT Viapol"},"content":{"rendered":"<p><span style=\"font-family: 'Proxima Nova', -apple-system, Roboto, Arial, sans-serif;font-size: 20px\">Aditivo elaborado a partir de resinas naturais que, adicionado \u00e0s argamassas de cimento e areia, conferem excelentes caracter\u00edsticas de plasticidade, trabalhabilidade e ader\u00eancia, reduzindo a forma\u00e7\u00e3o de trincas por retra\u00e7\u00e3o, uma vez que reduz a quantidade de \u00e1gua a ser utilizada. CARACTER\u00cdSTICAS T\u00c9CNICAS Aspecto: L\u00edquido Viscoso Cor: Castanho Avermelhado Massa espec\u00edfica: 1,00 a 1,10 g\/cm\u00b3 pH: ~ 9,5 a 11,0 VANTAGENS Alta plasticidade; Diminui fissuras por retra\u00e7\u00e3o; Melhora a ader\u00eancia ao substrato; Evita o aparecimento de manchas esbranqui\u00e7adas ap\u00f3s pintura, conhecidas como saponifica\u00e7\u00e3o e efloresc\u00eancias; Maior rendimento; N\u00e3o cont\u00e9m cloretos; Pode dispersar o uso da cal. UTILIZA\u00c7\u00c3O Viacal \u00e9 um aditivo plastificante indicado para argamassas de rebocos interno e externos, e para assentamento de alvenarias de um modo geral. USO NA BETONEIRA Coloque na betoneira vazia, 50% da quantidade de \u00e1gua prevista, adicionando a totalidade do volume de Viacal indicado, misturando bem. Acrescente o cimento e a areia m\u00e9dia lavada com o restante da \u00e1gua que for necess\u00e1ria para dar trabalhabilidade \u00e0 argamassa. Misture por aproximadamente 3 minutos, tempo necess\u00e1rio para dar homogeneidade \u00e0 argamassa. USO NA MASSEIRA Coloque na masseira o cimento e a areia m\u00e9dia lavada e misture bem at\u00e9 homogeneizar os dois componentes. Misture a totalidade do volume indicado de Viacal com a \u00e1gua. Derrame o l\u00edquido aos poucos na mistura de cimento e areia, misturando bem at\u00e9 que os componentes estejam homog\u00eaneos, resultando em uma argamassa leve e pastosa. TRA\u00c7OS VOLUM\u00c9TRICOS RECOMENDADOS PARA ARGAMASSAS Argamassa de assentamento- 1:8 ( cimento: areia) Argamassa de revestimento- 1:6 ( cimento: areia) Observa\u00e7\u00e3o: Em ambos os casos, fa\u00e7a a homogeneiza\u00e7\u00e3o do produto antes de usar. Utilize sempre areia m\u00e9dia limpa e lavada. Areias muito grossa, ou com muita porcentagem de finos, anulam as vantagens aqui indicadas para o uso do Viacal. RESTRI\u00c7\u00d5ES DE USO N\u00e3o misturar o Viacal diretamente na areia ou no cimento. O mesmo deve ser dilu\u00eddo em \u00e1gua.<\/span><\/p>","protected":false},"excerpt":{"rendered":"<p>Aditivo Plastificante para provomer liga na massa<\/p>\n<ul class=\"ui-vpp-highlighted-specs__features-list\" style=\"font-family: 'Proxima Nova', -apple-system, Roboto, Arial, sans-serif;margin: 0px;padding: 0px;font-size: 16px\">\n<li class=\"ui-vpp-highlighted-specs__features-list-item ui-pdp-color--BLACK ui-pdp-size--XSMALL ui-pdp-family--REGULAR\" style=\"font-size: 14px;line-height: 1.43em;margin-top: 8px;padding-left: 10px;text-indent: -11px\">Produto recomendado para: argamassa de reboco exterior,argamassa de reboco interior,assentamento de alvenarias de modo geral.<\/li>\n<\/ul>","protected":false},"featured_media":7904,"comment_status":"open","ping_status":"closed","template":"","meta":{"_acf_changed":false},"product_brand":[],"product_cat":[191],"product_tag":[],"class_list":{"0":"post-7907","1":"product","2":"type-product","3":"status-publish","4":"has-post-thumbnail","6":"product_cat-aditivos","8":"first","9":"outofstock","10":"featured","11":"shipping-taxable","12":"purchasable","13":"product-type-simple"},"acf":[],"_links":{"self":[{"href":"https:\/\/armazemon.com.br\/en\/wp-json\/wp\/v2\/product\/7907","targetHints":{"allow":["GET"]}}],"collection":[{"href":"https:\/\/armazemon.com.br\/en\/wp-json\/wp\/v2\/product"}],"about":[{"href":"https:\/\/armazemon.com.br\/en\/wp-json\/wp\/v2\/types\/product"}],"replies":[{"embeddable":true,"href":"https:\/\/armazemon.com.br\/en\/wp-json\/wp\/v2\/comments?post=7907"}],"wp:featuredmedia":[{"embeddable":true,"href":"https:\/\/armazemon.com.br\/en\/wp-json\/wp\/v2\/media\/7904"}],"wp:attachment":[{"href":"https:\/\/armazemon.com.br\/en\/wp-json\/wp\/v2\/media?parent=7907"}],"wp:term":[{"taxonomy":"product_brand","embeddable":true,"href":"https:\/\/armazemon.com.br\/en\/wp-json\/wp\/v2\/product_brand?post=7907"},{"taxonomy":"product_cat","embeddable":true,"href":"https:\/\/armazemon.com.br\/en\/wp-json\/wp\/v2\/product_cat?post=7907"},{"taxonomy":"product_tag","embeddable":true,"href":"https:\/\/armazemon.com.br\/en\/wp-json\/wp\/v2\/product_tag?post=7907"}],"curies":[{"name":"wp","href":"https:\/\/api.w.org\/{rel}","templated":true}]}}