{"id":7912,"date":"2026-02-13T09:46:19","date_gmt":"2026-02-13T09:46:19","guid":{"rendered":"https:\/\/armazemon.com.br\/produto\/contra-umidade-aditivo-para-argamassa-e-concreto-18l-viapol\/"},"modified":"2026-04-27T21:32:35","modified_gmt":"2026-04-27T21:32:35","slug":"contra-umidade-aditivo-para-argamassa-e-concreto-18l-viapol","status":"publish","type":"product","link":"https:\/\/armazemon.com.br\/en\/product\/contra-umidade-aditivo-para-argamassa-e-concreto-18l-viapol\/","title":{"rendered":"Contra Umidade Aditivo para Argamassa e Concreto 18l Viapol"},"content":{"rendered":"<p><span style=\"font-family: 'Proxima Nova', -apple-system, Roboto, Arial, sans-serif;font-size: 20px\">VANTAGENS Aplica\u00e7\u00e3o simples e f\u00e1cil; N\u00e3o altera o tempo de cura de argamassas ou concreto; Efici\u00eancia permanente. N\u00e3o perde suas caracter\u00edsticas ao longo do tempo. UTILIZA\u00c7\u00c3O Piscinas enterradas; Subsolos; Po\u00e7os de elevadores; Alicerces e baldrames; Muros de conten\u00e7\u00e3o; Rebocos externos; Caixa d\u00b4\u00e1gua enterrada. PREPARA\u00c7\u00c3O DO PRODUTO Fa\u00e7a homogeneiza\u00e7\u00e3o do produto antes de utiliz\u00e1-lo Dissolva o Contra Umidade em \u00e1gua, amassando uniformemente, sem deixar grumos. APLICA\u00c7\u00c3O DO PRODUTO Aplique a 1\u00aa camada da argamassa com espessura de 1 cm. Aplicar mais 2 ou 3 camadas de argamassa com Contra Umidade, mas n\u00e3o ultrapasse 4 horas entre uma chapada e outra da argamassa.<\/span><\/p>","protected":false},"excerpt":{"rendered":"<p><span style=\"font-family: 'Proxima Nova', -apple-system, Roboto, Arial, sans-serif;font-size: 20px\">Aditivo impermeabilizante mineral que misturado \u00e0s argamassas ou concreto, confere impermeabilidade, agindo por hidrofuga\u00e7\u00e3o dos capilares, interrompendo assim, o desenvolvimento da umidade em \u00e1reas abaixo do n\u00edvel do solo.<\/span><\/p>","protected":false},"featured_media":7908,"comment_status":"open","ping_status":"closed","template":"","meta":{"_acf_changed":false},"product_brand":[],"product_cat":[191],"product_tag":[],"class_list":{"0":"post-7912","1":"product","2":"type-product","3":"status-publish","4":"has-post-thumbnail","6":"product_cat-aditivos","8":"first","9":"outofstock","10":"featured","11":"shipping-taxable","12":"purchasable","13":"product-type-simple"},"acf":[],"_links":{"self":[{"href":"https:\/\/armazemon.com.br\/en\/wp-json\/wp\/v2\/product\/7912","targetHints":{"allow":["GET"]}}],"collection":[{"href":"https:\/\/armazemon.com.br\/en\/wp-json\/wp\/v2\/product"}],"about":[{"href":"https:\/\/armazemon.com.br\/en\/wp-json\/wp\/v2\/types\/product"}],"replies":[{"embeddable":true,"href":"https:\/\/armazemon.com.br\/en\/wp-json\/wp\/v2\/comments?post=7912"}],"wp:featuredmedia":[{"embeddable":true,"href":"https:\/\/armazemon.com.br\/en\/wp-json\/wp\/v2\/media\/7908"}],"wp:attachment":[{"href":"https:\/\/armazemon.com.br\/en\/wp-json\/wp\/v2\/media?parent=7912"}],"wp:term":[{"taxonomy":"product_brand","embeddable":true,"href":"https:\/\/armazemon.com.br\/en\/wp-json\/wp\/v2\/product_brand?post=7912"},{"taxonomy":"product_cat","embeddable":true,"href":"https:\/\/armazemon.com.br\/en\/wp-json\/wp\/v2\/product_cat?post=7912"},{"taxonomy":"product_tag","embeddable":true,"href":"https:\/\/armazemon.com.br\/en\/wp-json\/wp\/v2\/product_tag?post=7912"}],"curies":[{"name":"wp","href":"https:\/\/api.w.org\/{rel}","templated":true}]}}