{"id":7949,"date":"2026-04-16T16:39:04","date_gmt":"2026-04-16T16:39:04","guid":{"rendered":"https:\/\/armazemon.com.br\/produto\/monopol-pu-25-plus\/"},"modified":"2026-04-16T16:39:04","modified_gmt":"2026-04-16T16:39:04","slug":"monopol-pu-25-plus","status":"publish","type":"product","link":"https:\/\/armazemon.com.br\/en\/product\/monopol-pu-25-plus\/","title":{"rendered":"Monopol PU 25 Plus"},"content":{"rendered":"","protected":false},"excerpt":{"rendered":"<p><strong style=\"font-family: 'Open Sans', Helvetica, sans-serif;font-size: 16px\">Monopol\u00ae PU 25 PLUS<\/strong><span style=\"font-family: 'Open Sans', Helvetica, sans-serif;font-size: 16px\">\u00a0\u00e9 um selante de resinas poliuret\u00e2nicas de baixo m\u00f3dulo, flex\u00edvel, de alta ader\u00eancia, monocomponente e desenvolvido para selamento de juntas de movimenta\u00e7\u00e3o, em constru\u00e7\u00f5es secas e veda\u00e7\u00e3o em geral.<\/span><\/p>","protected":false},"featured_media":7948,"comment_status":"open","ping_status":"closed","template":"","meta":{"_acf_changed":false},"product_brand":[],"product_cat":[238],"product_tag":[],"class_list":{"0":"post-7949","1":"product","2":"type-product","3":"status-publish","4":"has-post-thumbnail","6":"product_cat-selantes-e-silicones","8":"first","9":"instock","10":"shipping-taxable","11":"purchasable","12":"product-type-simple"},"acf":[],"_links":{"self":[{"href":"https:\/\/armazemon.com.br\/en\/wp-json\/wp\/v2\/product\/7949","targetHints":{"allow":["GET"]}}],"collection":[{"href":"https:\/\/armazemon.com.br\/en\/wp-json\/wp\/v2\/product"}],"about":[{"href":"https:\/\/armazemon.com.br\/en\/wp-json\/wp\/v2\/types\/product"}],"replies":[{"embeddable":true,"href":"https:\/\/armazemon.com.br\/en\/wp-json\/wp\/v2\/comments?post=7949"}],"wp:featuredmedia":[{"embeddable":true,"href":"https:\/\/armazemon.com.br\/en\/wp-json\/wp\/v2\/media\/7948"}],"wp:attachment":[{"href":"https:\/\/armazemon.com.br\/en\/wp-json\/wp\/v2\/media?parent=7949"}],"wp:term":[{"taxonomy":"product_brand","embeddable":true,"href":"https:\/\/armazemon.com.br\/en\/wp-json\/wp\/v2\/product_brand?post=7949"},{"taxonomy":"product_cat","embeddable":true,"href":"https:\/\/armazemon.com.br\/en\/wp-json\/wp\/v2\/product_cat?post=7949"},{"taxonomy":"product_tag","embeddable":true,"href":"https:\/\/armazemon.com.br\/en\/wp-json\/wp\/v2\/product_tag?post=7949"}],"curies":[{"name":"wp","href":"https:\/\/api.w.org\/{rel}","templated":true}]}}