{"id":7952,"date":"2026-04-17T17:26:55","date_gmt":"2026-04-17T17:26:55","guid":{"rendered":"https:\/\/armazemon.com.br\/produto\/desforma-plus-18-lt-desmoldante-viapol\/"},"modified":"2026-04-23T15:46:10","modified_gmt":"2026-04-23T15:46:10","slug":"desforma-plus-18-lt-desmoldante-viapol","status":"publish","type":"product","link":"https:\/\/armazemon.com.br\/en\/product\/desforma-plus-18-lt-desmoldante-viapol\/","title":{"rendered":"Desforma Plus 18 Lt &#8211; Desmoldante Viapol"},"content":{"rendered":"","protected":false},"excerpt":{"rendered":"<p><span style=\"font-family: __LeroyFont_237c01, __LeroyFont_Fallback_237c01;font-size: medium\">O desmoldante facilita a desmoldagem de pe\u00e7as concretadas sem danific\u00e1-las ou manch\u00e1-las. Ele proporciona maior aproveitamento das formas. Seu uso possibilita um concreto aparente de alta qualidade. Trata-se de um item econ\u00f4mico e que traz mais qualidade aos trabalhos.<\/span><\/p>","protected":false},"featured_media":7950,"comment_status":"open","ping_status":"closed","template":"","meta":{"_acf_changed":false},"product_brand":[],"product_cat":[238],"product_tag":[],"class_list":{"0":"post-7952","1":"product","2":"type-product","3":"status-publish","4":"has-post-thumbnail","6":"product_cat-selantes-e-silicones","8":"first","9":"instock","10":"shipping-taxable","11":"purchasable","12":"product-type-simple"},"acf":[],"_links":{"self":[{"href":"https:\/\/armazemon.com.br\/en\/wp-json\/wp\/v2\/product\/7952","targetHints":{"allow":["GET"]}}],"collection":[{"href":"https:\/\/armazemon.com.br\/en\/wp-json\/wp\/v2\/product"}],"about":[{"href":"https:\/\/armazemon.com.br\/en\/wp-json\/wp\/v2\/types\/product"}],"replies":[{"embeddable":true,"href":"https:\/\/armazemon.com.br\/en\/wp-json\/wp\/v2\/comments?post=7952"}],"wp:featuredmedia":[{"embeddable":true,"href":"https:\/\/armazemon.com.br\/en\/wp-json\/wp\/v2\/media\/7950"}],"wp:attachment":[{"href":"https:\/\/armazemon.com.br\/en\/wp-json\/wp\/v2\/media?parent=7952"}],"wp:term":[{"taxonomy":"product_brand","embeddable":true,"href":"https:\/\/armazemon.com.br\/en\/wp-json\/wp\/v2\/product_brand?post=7952"},{"taxonomy":"product_cat","embeddable":true,"href":"https:\/\/armazemon.com.br\/en\/wp-json\/wp\/v2\/product_cat?post=7952"},{"taxonomy":"product_tag","embeddable":true,"href":"https:\/\/armazemon.com.br\/en\/wp-json\/wp\/v2\/product_tag?post=7952"}],"curies":[{"name":"wp","href":"https:\/\/api.w.org\/{rel}","templated":true}]}}